{"id":9232,"date":"2024-04-05T00:45:57","date_gmt":"2024-04-04T22:45:57","guid":{"rendered":"https:\/\/thombd.fr\/?post_type=product&#038;p=9232"},"modified":"2024-04-05T00:45:57","modified_gmt":"2024-04-04T22:45:57","slug":"passage-de-harnais-pour-siege-recaro","status":"publish","type":"product","link":"https:\/\/thombd.fr\/?product=passage-de-harnais-pour-siege-recaro","title":{"rendered":"Passage de Harnais pour si\u00e8ge Recaro"},"content":{"rendered":"","protected":false},"excerpt":{"rendered":"<ul>\n<li>Vendu \u00e0 l&rsquo;unit\u00e9.<\/li>\n<li>Impression 3D Fibre de carbone<\/li>\n<li>Pi\u00e8ce pour usage normal<\/li>\n<li>Impression \u00e0 la demande &#8211; d\u00e9lais de fabrication de 4 jours ouvr\u00e9s<\/li>\n<\/ul>\n","protected":false},"featured_media":9233,"comment_status":"open","ping_status":"closed","template":"","meta":[],"product_brand":[],"product_cat":[38,150],"product_tag":[],"class_list":{"0":"post-9232","1":"product","2":"type-product","3":"status-publish","4":"has-post-thumbnail","6":"product_cat-impressions-3d","7":"product_cat-refabrication","9":"first","10":"instock","11":"shipping-taxable","12":"purchasable","13":"product-type-simple"},"jetpack_sharing_enabled":true,"_links":{"self":[{"href":"https:\/\/thombd.fr\/index.php?rest_route=\/wp\/v2\/product\/9232","targetHints":{"allow":["GET"]}}],"collection":[{"href":"https:\/\/thombd.fr\/index.php?rest_route=\/wp\/v2\/product"}],"about":[{"href":"https:\/\/thombd.fr\/index.php?rest_route=\/wp\/v2\/types\/product"}],"replies":[{"embeddable":true,"href":"https:\/\/thombd.fr\/index.php?rest_route=%2Fwp%2Fv2%2Fcomments&post=9232"}],"wp:featuredmedia":[{"embeddable":true,"href":"https:\/\/thombd.fr\/index.php?rest_route=\/wp\/v2\/media\/9233"}],"wp:attachment":[{"href":"https:\/\/thombd.fr\/index.php?rest_route=%2Fwp%2Fv2%2Fmedia&parent=9232"}],"wp:term":[{"taxonomy":"product_brand","embeddable":true,"href":"https:\/\/thombd.fr\/index.php?rest_route=%2Fwp%2Fv2%2Fproduct_brand&post=9232"},{"taxonomy":"product_cat","embeddable":true,"href":"https:\/\/thombd.fr\/index.php?rest_route=%2Fwp%2Fv2%2Fproduct_cat&post=9232"},{"taxonomy":"product_tag","embeddable":true,"href":"https:\/\/thombd.fr\/index.php?rest_route=%2Fwp%2Fv2%2Fproduct_tag&post=9232"}],"curies":[{"name":"wp","href":"https:\/\/api.w.org\/{rel}","templated":true}]}}