{"id":9078,"date":"2023-09-29T01:11:48","date_gmt":"2023-09-28T23:11:48","guid":{"rendered":"https:\/\/thombd.fr\/?post_type=product&#038;p=9078"},"modified":"2023-09-29T01:14:49","modified_gmt":"2023-09-28T23:14:49","slug":"lot-de-16-caches-de-protection-coffres-lateraux-pilote-explorateur","status":"publish","type":"product","link":"https:\/\/thombd.fr\/?product=lot-de-16-caches-de-protection-coffres-lateraux-pilote-explorateur","title":{"rendered":"Lot de 16 caches de protection coffres lat\u00e9raux Pilote Explorateur"},"content":{"rendered":"","protected":false},"excerpt":{"rendered":"<p>Caches lat\u00e9raux pour males de coffre camping car Pilote Explorateur.<\/p>\n<p>Mat\u00e9riau anti UV et haute r\u00e9sistance m\u00e9canique.<\/p>\n<p>Lot de 16 pour le kit complet<\/p>\n","protected":false},"featured_media":9075,"comment_status":"open","ping_status":"closed","template":"","meta":[],"product_brand":[],"product_cat":[38,150],"product_tag":[],"class_list":{"0":"post-9078","1":"product","2":"type-product","3":"status-publish","4":"has-post-thumbnail","6":"product_cat-impressions-3d","7":"product_cat-refabrication","9":"first","10":"instock","11":"shipping-taxable","12":"purchasable","13":"product-type-simple"},"jetpack_sharing_enabled":true,"_links":{"self":[{"href":"https:\/\/thombd.fr\/index.php?rest_route=\/wp\/v2\/product\/9078","targetHints":{"allow":["GET"]}}],"collection":[{"href":"https:\/\/thombd.fr\/index.php?rest_route=\/wp\/v2\/product"}],"about":[{"href":"https:\/\/thombd.fr\/index.php?rest_route=\/wp\/v2\/types\/product"}],"replies":[{"embeddable":true,"href":"https:\/\/thombd.fr\/index.php?rest_route=%2Fwp%2Fv2%2Fcomments&post=9078"}],"wp:featuredmedia":[{"embeddable":true,"href":"https:\/\/thombd.fr\/index.php?rest_route=\/wp\/v2\/media\/9075"}],"wp:attachment":[{"href":"https:\/\/thombd.fr\/index.php?rest_route=%2Fwp%2Fv2%2Fmedia&parent=9078"}],"wp:term":[{"taxonomy":"product_brand","embeddable":true,"href":"https:\/\/thombd.fr\/index.php?rest_route=%2Fwp%2Fv2%2Fproduct_brand&post=9078"},{"taxonomy":"product_cat","embeddable":true,"href":"https:\/\/thombd.fr\/index.php?rest_route=%2Fwp%2Fv2%2Fproduct_cat&post=9078"},{"taxonomy":"product_tag","embeddable":true,"href":"https:\/\/thombd.fr\/index.php?rest_route=%2Fwp%2Fv2%2Fproduct_tag&post=9078"}],"curies":[{"name":"wp","href":"https:\/\/api.w.org\/{rel}","templated":true}]}}