{"id":9026,"date":"2023-07-14T02:28:15","date_gmt":"2023-07-14T00:28:15","guid":{"rendered":"https:\/\/thombd.fr\/?post_type=product&#038;p=9026"},"modified":"2023-11-14T00:50:22","modified_gmt":"2023-11-13T23:50:22","slug":"impression-3d-deco","status":"publish","type":"product","link":"https:\/\/thombd.fr\/?product=impression-3d-deco","title":{"rendered":"Impression 3D D\u00e9co avec fichier 3D fourni"},"content":{"rendered":"<ul>\n<li>Deux couleurs possibles<\/li>\n<li>Taille maximum 300x300x400mm<\/li>\n<\/ul>\n","protected":false},"excerpt":{"rendered":"<h4><em>A partir de<\/em><strong> 2\u20ac<\/strong><\/h4>\n<p>Impression 3D d\u00e9co \u00e0 la demande avec fichier fourni ou d\u00e9j\u00e0 existant sur les plateformes de partages et autoris\u00e9e \u00e0 la r\u00e9utilisation commerciale.<\/p>\n<p>Jusqu&rsquo;\u00e0 la taille 400mm.<\/p>\n<p><strong>Prix adapt\u00e9 sur mesure \u00e0 la demande.<\/strong><\/p>\n<p>&nbsp;<\/p>\n<p style=\"text-align: center;\">[maxbutton id=\"2\" ]<\/p>\n","protected":false},"featured_media":9028,"comment_status":"open","ping_status":"closed","template":"","meta":[],"product_brand":[],"product_cat":[38],"product_tag":[],"class_list":{"0":"post-9026","1":"product","2":"type-product","3":"status-publish","4":"has-post-thumbnail","6":"product_cat-impressions-3d","8":"first","9":"instock","10":"shipping-taxable","11":"product-type-simple"},"jetpack_sharing_enabled":true,"_links":{"self":[{"href":"https:\/\/thombd.fr\/index.php?rest_route=\/wp\/v2\/product\/9026","targetHints":{"allow":["GET"]}}],"collection":[{"href":"https:\/\/thombd.fr\/index.php?rest_route=\/wp\/v2\/product"}],"about":[{"href":"https:\/\/thombd.fr\/index.php?rest_route=\/wp\/v2\/types\/product"}],"replies":[{"embeddable":true,"href":"https:\/\/thombd.fr\/index.php?rest_route=%2Fwp%2Fv2%2Fcomments&post=9026"}],"wp:featuredmedia":[{"embeddable":true,"href":"https:\/\/thombd.fr\/index.php?rest_route=\/wp\/v2\/media\/9028"}],"wp:attachment":[{"href":"https:\/\/thombd.fr\/index.php?rest_route=%2Fwp%2Fv2%2Fmedia&parent=9026"}],"wp:term":[{"taxonomy":"product_brand","embeddable":true,"href":"https:\/\/thombd.fr\/index.php?rest_route=%2Fwp%2Fv2%2Fproduct_brand&post=9026"},{"taxonomy":"product_cat","embeddable":true,"href":"https:\/\/thombd.fr\/index.php?rest_route=%2Fwp%2Fv2%2Fproduct_cat&post=9026"},{"taxonomy":"product_tag","embeddable":true,"href":"https:\/\/thombd.fr\/index.php?rest_route=%2Fwp%2Fv2%2Fproduct_tag&post=9026"}],"curies":[{"name":"wp","href":"https:\/\/api.w.org\/{rel}","templated":true}]}}