{"id":9022,"date":"2023-07-13T02:49:57","date_gmt":"2023-07-13T00:49:57","guid":{"rendered":"https:\/\/thombd.fr\/?post_type=product&#038;p=9022"},"modified":"2023-08-01T00:09:45","modified_gmt":"2023-07-31T22:09:45","slug":"pc-portable-sur-mesure","status":"publish","type":"product","link":"https:\/\/thombd.fr\/?product=pc-portable-sur-mesure","title":{"rendered":"PC Portable sur mesure"},"content":{"rendered":"<ul>\r\n<li style=\"list-style-type: none;\">\r\n<ul>\r\n<li>Retrouvez un ordinateur performant &amp; enti\u00e8rement \u00e0 jour. Configurable pour tout type d&rsquo;utilisation, personnelle et professionnelle, et un mat\u00e9riel qui va s&rsquo;adapter \u00e0 votre demande.<\/li>\r\n<\/ul>\r\n<\/li>\r\n<\/ul>\r\n<!-- \/wp:post-content --><!-- \/wp:list -->\r\n\r\n<!-- wp:list -->\r\n<ul>\r\n<li style=\"list-style-type: none;\">\r\n<ul><!-- wp:list-item -->\r\n<li>Profitez d&rsquo;une machine l\u00e9g\u00e8re et avec un format pratique pour un transport optimal.<\/li>\r\n<\/ul>\r\n<\/li>\r\n<\/ul>\r\n<!-- \/wp:list-item --><!-- \/wp:list -->\r\n\r\n<!-- wp:list -->\r\n<ul>\r\n<li style=\"list-style-type: none;\">\r\n<ul><!-- wp:list-item -->\r\n<li>B\u00e9n\u00e9ficiez d&rsquo;un service client \u00e0 taille humaine, votre artisan vous accompagne pas \u00e0 pas.<br \/><br \/><\/li>\r\n<li>Une garantie professionnelle accompagn\u00e9e par une marque reconnue et une boutique physique.<\/li>\r\n<\/ul>\r\n<\/li>\r\n<\/ul>\r\n<hr \/>\r\n<p style=\"padding-left: 40px; text-align: left;\"><strong>Processeur :\u00a0 \u00a0 \u00a0 \u00a0 \u00a0 \u00a0 \u00a0 \u00a0 \u00a0 \u00a0<\/strong> intel core-i ou AMD selon configuration<br \/><strong>Clavier :\u00a0 \u00a0 \u00a0 \u00a0 \u00a0 \u00a0 \u00a0 \u00a0 \u00a0 \u00a0 \u00a0 \u00a0 \u00a0 \u00a0<\/strong>\u00a0r\u00e9tro\u00e9clair\u00e9 en option<br \/><strong>Bords :\u00a0 \u00a0 \u00a0 \u00a0 \u00a0 \u00a0 \u00a0 \u00a0 \u00a0 \u00a0 \u00a0 \u00a0 \u00a0 \u00a0 \u00a0\u00a0<\/strong> fins en option<br \/><strong>Ram :<\/strong>\u00a0 \u00a0 \u00a0 \u00a0 \u00a0 \u00a0 \u00a0 \u00a0 \u00a0 \u00a0 \u00a0 \u00a0 \u00a0 \u00a0 \u00a0 \u00a0 \u00a0 8 \u00e0 64go<br \/><strong>SSD :<\/strong>\u00a0 \u00a0 \u00a0 \u00a0 \u00a0 \u00a0 \u00a0 \u00a0 \u00a0 \u00a0 \u00a0 \u00a0 \u00a0 \u00a0 \u00a0 \u00a0 \u00a0 \u00a0128go \u00e0 2TO<br \/><strong>Cartes graphiques :<\/strong>\u00a0 \u00a0 jusqu&rsquo;\u00e0 RTX4080 12Go Ram<br \/><strong>Wifi :\u00a0 \u00a0 \u00a0 \u00a0 \u00a0 \u00a0 \u00a0 \u00a0 \u00a0 \u00a0 \u00a0 \u00a0 \u00a0 \u00a0 \u00a0 \u00a0 \u00a0\u00a0<\/strong> jusqu&rsquo;\u00e0 gen6<br \/><strong>Bluetooth :\u00a0 \u00a0 \u00a0 \u00a0 \u00a0 \u00a0 \u00a0 \u00a0 \u00a0 \u00a0 <\/strong>\u00a05.3<\/p>\r\n<p style=\"padding-left: 40px; text-align: left;\"><strong>et plus \u00e0 d\u00e9couvrir en boutique ou par mail.<\/strong><\/p>\r\n<p>&nbsp;<\/p>","protected":false},"excerpt":{"rendered":"<p><!-- wp:list --><\/p>\n<ul>\n<li style=\"list-style-type: none;\">\n<ul><!-- wp:list-item --><\/ul>\n<\/li>\n<\/ul>\n<p><strong>Des performances adapt\u00e9es \u00e0 vos besoin et qui ne seront pas obsol\u00e8tes dans un ans !<\/strong><\/p>\n<p style=\"text-align: center;\">[maxbutton id=\"1\" ]<\/p>\n<p><!-- \/wp:list-item --><!-- \/wp:list --><\/p>\n","protected":false},"featured_media":9004,"comment_status":"open","ping_status":"closed","template":"","meta":[],"product_brand":[],"product_cat":[33],"product_tag":[],"class_list":{"0":"post-9022","1":"product","2":"type-product","3":"status-publish","4":"has-post-thumbnail","6":"product_cat-informatique","8":"first","9":"onbackorder","10":"shipping-taxable","11":"purchasable","12":"product-type-simple"},"jetpack_sharing_enabled":true,"_links":{"self":[{"href":"https:\/\/thombd.fr\/index.php?rest_route=\/wp\/v2\/product\/9022","targetHints":{"allow":["GET"]}}],"collection":[{"href":"https:\/\/thombd.fr\/index.php?rest_route=\/wp\/v2\/product"}],"about":[{"href":"https:\/\/thombd.fr\/index.php?rest_route=\/wp\/v2\/types\/product"}],"replies":[{"embeddable":true,"href":"https:\/\/thombd.fr\/index.php?rest_route=%2Fwp%2Fv2%2Fcomments&post=9022"}],"wp:featuredmedia":[{"embeddable":true,"href":"https:\/\/thombd.fr\/index.php?rest_route=\/wp\/v2\/media\/9004"}],"wp:attachment":[{"href":"https:\/\/thombd.fr\/index.php?rest_route=%2Fwp%2Fv2%2Fmedia&parent=9022"}],"wp:term":[{"taxonomy":"product_brand","embeddable":true,"href":"https:\/\/thombd.fr\/index.php?rest_route=%2Fwp%2Fv2%2Fproduct_brand&post=9022"},{"taxonomy":"product_cat","embeddable":true,"href":"https:\/\/thombd.fr\/index.php?rest_route=%2Fwp%2Fv2%2Fproduct_cat&post=9022"},{"taxonomy":"product_tag","embeddable":true,"href":"https:\/\/thombd.fr\/index.php?rest_route=%2Fwp%2Fv2%2Fproduct_tag&post=9022"}],"curies":[{"name":"wp","href":"https:\/\/api.w.org\/{rel}","templated":true}]}}