{"id":8738,"date":"2023-06-19T16:56:34","date_gmt":"2023-06-19T14:56:34","guid":{"rendered":"https:\/\/thombd.fr\/?post_type=product&#038;p=8738"},"modified":"2023-06-19T16:58:09","modified_gmt":"2023-06-19T14:58:09","slug":"cyberspine-hoodie","status":"publish","type":"product","link":"https:\/\/thombd.fr\/?product=cyberspine-hoodie","title":{"rendered":"CyberSpine \ud83d\udc7a \u200b(Hoodie)"},"content":{"rendered":"<ul>\n<li>unisexe<\/li>\n<li>53% coton, 45% polyester, 2% viscose<\/li>\n<li>int\u00e9rieur molletonn\u00e9<\/li>\n<li>capuche doubl\u00e9e jersey<\/li>\n<li>disponible en plusieurs coloris<\/li>\n<\/ul>\n","protected":false},"excerpt":{"rendered":"<p>Hoodie cyberspine avec initiales personnalis\u00e9e <strong>(\u00e0 pr\u00e9ciser lors de l\u2019achat)<\/strong><\/p>\n","protected":false},"featured_media":8486,"comment_status":"open","ping_status":"closed","template":"","meta":[],"product_brand":[],"product_cat":[32],"product_tag":[79,95,82,75],"class_list":{"0":"post-8738","1":"product","2":"type-product","3":"status-publish","4":"has-post-thumbnail","6":"product_cat-sweatshirt","7":"product_tag-cyber","8":"product_tag-hoodie","9":"product_tag-personnalisable","10":"product_tag-skull","12":"first","13":"instock","14":"shipping-taxable","15":"purchasable","16":"product-type-variable"},"jetpack_sharing_enabled":true,"_links":{"self":[{"href":"https:\/\/thombd.fr\/index.php?rest_route=\/wp\/v2\/product\/8738","targetHints":{"allow":["GET"]}}],"collection":[{"href":"https:\/\/thombd.fr\/index.php?rest_route=\/wp\/v2\/product"}],"about":[{"href":"https:\/\/thombd.fr\/index.php?rest_route=\/wp\/v2\/types\/product"}],"replies":[{"embeddable":true,"href":"https:\/\/thombd.fr\/index.php?rest_route=%2Fwp%2Fv2%2Fcomments&post=8738"}],"wp:featuredmedia":[{"embeddable":true,"href":"https:\/\/thombd.fr\/index.php?rest_route=\/wp\/v2\/media\/8486"}],"wp:attachment":[{"href":"https:\/\/thombd.fr\/index.php?rest_route=%2Fwp%2Fv2%2Fmedia&parent=8738"}],"wp:term":[{"taxonomy":"product_brand","embeddable":true,"href":"https:\/\/thombd.fr\/index.php?rest_route=%2Fwp%2Fv2%2Fproduct_brand&post=8738"},{"taxonomy":"product_cat","embeddable":true,"href":"https:\/\/thombd.fr\/index.php?rest_route=%2Fwp%2Fv2%2Fproduct_cat&post=8738"},{"taxonomy":"product_tag","embeddable":true,"href":"https:\/\/thombd.fr\/index.php?rest_route=%2Fwp%2Fv2%2Fproduct_tag&post=8738"}],"curies":[{"name":"wp","href":"https:\/\/api.w.org\/{rel}","templated":true}]}}