{"id":8697,"date":"2023-06-19T14:35:30","date_gmt":"2023-06-19T12:35:30","guid":{"rendered":"https:\/\/thombd.fr\/?post_type=product&#038;p=8697"},"modified":"2023-06-19T14:46:52","modified_gmt":"2023-06-19T12:46:52","slug":"casquette-anti-heurt","status":"publish","type":"product","link":"https:\/\/thombd.fr\/?product=casquette-anti-heurt","title":{"rendered":"Casquette Anti-Heurt"},"content":{"rendered":"<ul>\n<li>tissu en 100% <span title=\"\" data-toggle=\"tooltip\" data-placement=\"right\" data-original-title=\"Fibres r\u00e9colt\u00e9es au sein des gousses de cotonnier. Elles mesurent entre 5 et 10 cm de long et peuvent \u00eatre fil\u00e9es en fils, lesquels sont ensuite tiss\u00e9s dans des tissus en coton.\">coton<\/span><\/li>\n<li>constitu\u00e9e d&rsquo;une calotte moul\u00e9e en ABS<\/li>\n<li>taille unique<\/li>\n<li>a\u00e9rations sur les c\u00f4t\u00e9s<\/li>\n<li>syst\u00e8me de r\u00e9glage dans le dos<\/li>\n<li>l\u00e9ger et pratique<\/li>\n<li>mousse de confort<\/li>\n<li>fabrication sous certification ISO 9001<\/li>\n<\/ul>\n","protected":false},"excerpt":{"rendered":"<p>Casquette anti-heurt et unisexe, l\u2019atelier du 26.<\/p>\n","protected":false},"featured_media":8698,"comment_status":"open","ping_status":"closed","template":"","meta":[],"product_brand":[],"product_cat":[36],"product_tag":[57],"class_list":{"0":"post-8697","1":"product","2":"type-product","3":"status-publish","4":"has-post-thumbnail","6":"product_cat-latelier-du-26","7":"product_tag-26-workers","9":"first","10":"outofstock","11":"shipping-taxable","12":"purchasable","13":"product-type-simple"},"jetpack_sharing_enabled":true,"_links":{"self":[{"href":"https:\/\/thombd.fr\/index.php?rest_route=\/wp\/v2\/product\/8697","targetHints":{"allow":["GET"]}}],"collection":[{"href":"https:\/\/thombd.fr\/index.php?rest_route=\/wp\/v2\/product"}],"about":[{"href":"https:\/\/thombd.fr\/index.php?rest_route=\/wp\/v2\/types\/product"}],"replies":[{"embeddable":true,"href":"https:\/\/thombd.fr\/index.php?rest_route=%2Fwp%2Fv2%2Fcomments&post=8697"}],"wp:featuredmedia":[{"embeddable":true,"href":"https:\/\/thombd.fr\/index.php?rest_route=\/wp\/v2\/media\/8698"}],"wp:attachment":[{"href":"https:\/\/thombd.fr\/index.php?rest_route=%2Fwp%2Fv2%2Fmedia&parent=8697"}],"wp:term":[{"taxonomy":"product_brand","embeddable":true,"href":"https:\/\/thombd.fr\/index.php?rest_route=%2Fwp%2Fv2%2Fproduct_brand&post=8697"},{"taxonomy":"product_cat","embeddable":true,"href":"https:\/\/thombd.fr\/index.php?rest_route=%2Fwp%2Fv2%2Fproduct_cat&post=8697"},{"taxonomy":"product_tag","embeddable":true,"href":"https:\/\/thombd.fr\/index.php?rest_route=%2Fwp%2Fv2%2Fproduct_tag&post=8697"}],"curies":[{"name":"wp","href":"https:\/\/api.w.org\/{rel}","templated":true}]}}