{"id":8263,"date":"2023-06-19T06:28:46","date_gmt":"2023-06-19T04:28:46","guid":{"rendered":"https:\/\/thombd.fr\/?post_type=product&#038;p=8263"},"modified":"2023-06-19T14:46:53","modified_gmt":"2023-06-19T12:46:53","slug":"parapluie","status":"publish","type":"product","link":"https:\/\/thombd.fr\/?product=parapluie","title":{"rendered":"Parapluie"},"content":{"rendered":"<ul>\n<li><span title=\"\" data-toggle=\"tooltip\" data-placement=\"right\" data-original-title=\"Fibres chimiques synth\u00e9tiques. Les fibres de polyester pr\u00e9sentent une haute r\u00e9sistance et sont \u00e9galement r\u00e9sistantes au r\u00e9tr\u00e9cissement et \u00e0 l'allongement. Les tissus s\u00e8chent rapidement et pr\u00e9sentent une tendance \u00e0 l'autod\u00e9froissabilit\u00e9 et \u00e0 la r\u00e9tention du pli. Le polyester est utilis\u00e9 seul ou dans les m\u00e9langes.\">polyester <\/span>190T, m\u00e9tal et plastique<\/li>\n<li>diam\u00e8tre 95<\/li>\n<li>poign\u00e9e, tiges et pointe argent\u00e9s<\/li>\n<li>fermeture <span title=\"\" data-toggle=\"tooltip\" data-placement=\"right\" data-original-title=\"Attache pour v\u00eatements ou autres articles, constitu\u00e9e de deux bandes de fine feuille de plastique, l'une couverte de petites boucles et l'autre de minuscules crochets flexibles, qui adh\u00e8rent lorsqu'on les presse l'une contre l'autre et peuvent \u00eatre s\u00e9par\u00e9es lorsqu'on les tire. \">velcro<\/span><\/li>\n<li>ouverture manuelle<\/li>\n<\/ul>\n","protected":false},"excerpt":{"rendered":"<p>Parapluie pliant avec housse, \u00a0l\u2019atelier du 26.<\/p>\n","protected":false},"featured_media":8291,"comment_status":"open","ping_status":"closed","template":"","meta":[],"product_brand":[],"product_cat":[36],"product_tag":[57],"class_list":{"0":"post-8263","1":"product","2":"type-product","3":"status-publish","4":"has-post-thumbnail","6":"product_cat-latelier-du-26","7":"product_tag-26-workers","9":"first","10":"outofstock","11":"shipping-taxable","12":"purchasable","13":"product-type-simple"},"jetpack_sharing_enabled":true,"_links":{"self":[{"href":"https:\/\/thombd.fr\/index.php?rest_route=\/wp\/v2\/product\/8263","targetHints":{"allow":["GET"]}}],"collection":[{"href":"https:\/\/thombd.fr\/index.php?rest_route=\/wp\/v2\/product"}],"about":[{"href":"https:\/\/thombd.fr\/index.php?rest_route=\/wp\/v2\/types\/product"}],"replies":[{"embeddable":true,"href":"https:\/\/thombd.fr\/index.php?rest_route=%2Fwp%2Fv2%2Fcomments&post=8263"}],"wp:featuredmedia":[{"embeddable":true,"href":"https:\/\/thombd.fr\/index.php?rest_route=\/wp\/v2\/media\/8291"}],"wp:attachment":[{"href":"https:\/\/thombd.fr\/index.php?rest_route=%2Fwp%2Fv2%2Fmedia&parent=8263"}],"wp:term":[{"taxonomy":"product_brand","embeddable":true,"href":"https:\/\/thombd.fr\/index.php?rest_route=%2Fwp%2Fv2%2Fproduct_brand&post=8263"},{"taxonomy":"product_cat","embeddable":true,"href":"https:\/\/thombd.fr\/index.php?rest_route=%2Fwp%2Fv2%2Fproduct_cat&post=8263"},{"taxonomy":"product_tag","embeddable":true,"href":"https:\/\/thombd.fr\/index.php?rest_route=%2Fwp%2Fv2%2Fproduct_tag&post=8263"}],"curies":[{"name":"wp","href":"https:\/\/api.w.org\/{rel}","templated":true}]}}