{"id":8262,"date":"2023-06-19T06:28:46","date_gmt":"2023-06-19T04:28:46","guid":{"rendered":"https:\/\/thombd.fr\/?post_type=product&#038;p=8262"},"modified":"2023-06-19T14:46:53","modified_gmt":"2023-06-19T12:46:53","slug":"masque-reutilisble","status":"publish","type":"product","link":"https:\/\/thombd.fr\/?product=masque-reutilisble","title":{"rendered":"Masque R\u00e9utilisble"},"content":{"rendered":"<ul>\n<li>Ext\u00e9rieur: 100%\u00a0<span title=\"\" data-toggle=\"tooltip\" data-placement=\"right\" data-original-title=\"Ce tissu est tiss\u00e9 serr\u00e9 \u00e0 partir d'un fil de poly tr\u00e8s fin et a une finition su\u00e9d\u00e9e pour un toucher luxueux et doux. Le tissu en microfibre est naturellement hydrofuge gr\u00e2ce \u00e0 son processus de construction et, lorsqu'il est sp\u00e9cialement trait\u00e9, il peut \u00e9galement \u00eatre imperm\u00e9able. \">microfibre<\/span><\/li>\n<li>Int\u00e9rieur: tissu non tiss\u00e9<\/li>\n<li>Taille unique<\/li>\n<li>Hygi\u00e9nique, respirant et hydrofuge<\/li>\n<li>Avec couture centrale invisible pour plus de confort<\/li>\n<\/ul>\n","protected":false},"excerpt":{"rendered":"<p>Masque r\u00e9utilisble antibact\u00e9rien, \u00a0l\u2019atelier du 26.<\/p>\n","protected":false},"featured_media":8290,"comment_status":"open","ping_status":"closed","template":"","meta":[],"product_brand":[],"product_cat":[36],"product_tag":[57],"class_list":{"0":"post-8262","1":"product","2":"type-product","3":"status-publish","4":"has-post-thumbnail","6":"product_cat-latelier-du-26","7":"product_tag-26-workers","9":"first","10":"outofstock","11":"shipping-taxable","12":"purchasable","13":"product-type-simple"},"jetpack_sharing_enabled":true,"_links":{"self":[{"href":"https:\/\/thombd.fr\/index.php?rest_route=\/wp\/v2\/product\/8262","targetHints":{"allow":["GET"]}}],"collection":[{"href":"https:\/\/thombd.fr\/index.php?rest_route=\/wp\/v2\/product"}],"about":[{"href":"https:\/\/thombd.fr\/index.php?rest_route=\/wp\/v2\/types\/product"}],"replies":[{"embeddable":true,"href":"https:\/\/thombd.fr\/index.php?rest_route=%2Fwp%2Fv2%2Fcomments&post=8262"}],"wp:featuredmedia":[{"embeddable":true,"href":"https:\/\/thombd.fr\/index.php?rest_route=\/wp\/v2\/media\/8290"}],"wp:attachment":[{"href":"https:\/\/thombd.fr\/index.php?rest_route=%2Fwp%2Fv2%2Fmedia&parent=8262"}],"wp:term":[{"taxonomy":"product_brand","embeddable":true,"href":"https:\/\/thombd.fr\/index.php?rest_route=%2Fwp%2Fv2%2Fproduct_brand&post=8262"},{"taxonomy":"product_cat","embeddable":true,"href":"https:\/\/thombd.fr\/index.php?rest_route=%2Fwp%2Fv2%2Fproduct_cat&post=8262"},{"taxonomy":"product_tag","embeddable":true,"href":"https:\/\/thombd.fr\/index.php?rest_route=%2Fwp%2Fv2%2Fproduct_tag&post=8262"}],"curies":[{"name":"wp","href":"https:\/\/api.w.org\/{rel}","templated":true}]}}