{"id":7945,"date":"2023-06-19T06:23:56","date_gmt":"2023-06-19T04:23:56","guid":{"rendered":"https:\/\/thombd.fr\/?post_type=product&#038;p=7945"},"modified":"2023-06-19T14:46:53","modified_gmt":"2023-06-19T12:46:53","slug":"debardeur-homme","status":"publish","type":"product","link":"https:\/\/thombd.fr\/?product=debardeur-homme","title":{"rendered":"D\u00e9bardeur Homme"},"content":{"rendered":"<ul>\n<li>100%\u00a0<span title=\"\" data-toggle=\"tooltip\" data-placement=\"right\" data-original-title=\"Fibres r\u00e9colt\u00e9es au sein des gousses de cotonnier. Elles mesurent entre 5 et 10 cm de long et peuvent \u00eatre fil\u00e9es en fils, lesquels sont ensuite tiss\u00e9s dans des tissus en coton.\">coton<\/span>\u00a0<span title=\"\" data-toggle=\"tooltip\" data-placement=\"right\" data-original-title=\"Type de tissu d'aspect plat, tricot\u00e9 sur une machine circulaire \u00e0 un seul tricot; sa principale distinction est qu'il ne s'agit pas d'un tissu avec une c\u00f4te distincte.\t\">jersey<\/span> fil Belcoro\u00ae<\/li>\n<li>grammage de 165 g\/m\u00b2<\/li>\n<li>coupe tubulaire et col rond<\/li>\n<li>maille fine<\/li>\n<li>liser\u00e9 ton sur ton au col ainsi qu&rsquo;aux emmanchures<\/li>\n<li>double piq\u00fbre en bas<\/li>\n<li>tr\u00e8s l\u00e9ger et toujours agr\u00e9able \u00e0 porter<\/li>\n<\/ul>\n","protected":false},"excerpt":{"rendered":"<p>D\u00e9bardeur homme col rond \u00a0l\u2019atelier du 26.<\/p>\n","protected":false},"featured_media":7968,"comment_status":"open","ping_status":"closed","template":"","meta":[],"product_brand":[],"product_cat":[36],"product_tag":[57],"class_list":{"0":"post-7945","1":"product","2":"type-product","3":"status-publish","4":"has-post-thumbnail","6":"product_cat-latelier-du-26","7":"product_tag-26-workers","9":"first","10":"instock","11":"shipping-taxable","12":"purchasable","13":"product-type-variable"},"jetpack_sharing_enabled":true,"_links":{"self":[{"href":"https:\/\/thombd.fr\/index.php?rest_route=\/wp\/v2\/product\/7945","targetHints":{"allow":["GET"]}}],"collection":[{"href":"https:\/\/thombd.fr\/index.php?rest_route=\/wp\/v2\/product"}],"about":[{"href":"https:\/\/thombd.fr\/index.php?rest_route=\/wp\/v2\/types\/product"}],"replies":[{"embeddable":true,"href":"https:\/\/thombd.fr\/index.php?rest_route=%2Fwp%2Fv2%2Fcomments&post=7945"}],"wp:featuredmedia":[{"embeddable":true,"href":"https:\/\/thombd.fr\/index.php?rest_route=\/wp\/v2\/media\/7968"}],"wp:attachment":[{"href":"https:\/\/thombd.fr\/index.php?rest_route=%2Fwp%2Fv2%2Fmedia&parent=7945"}],"wp:term":[{"taxonomy":"product_brand","embeddable":true,"href":"https:\/\/thombd.fr\/index.php?rest_route=%2Fwp%2Fv2%2Fproduct_brand&post=7945"},{"taxonomy":"product_cat","embeddable":true,"href":"https:\/\/thombd.fr\/index.php?rest_route=%2Fwp%2Fv2%2Fproduct_cat&post=7945"},{"taxonomy":"product_tag","embeddable":true,"href":"https:\/\/thombd.fr\/index.php?rest_route=%2Fwp%2Fv2%2Fproduct_tag&post=7945"}],"curies":[{"name":"wp","href":"https:\/\/api.w.org\/{rel}","templated":true}]}}