{"id":7743,"date":"2023-06-19T06:20:46","date_gmt":"2023-06-19T04:20:46","guid":{"rendered":"https:\/\/thombd.fr\/?post_type=product&#038;p=7743"},"modified":"2023-06-19T16:32:35","modified_gmt":"2023-06-19T14:32:35","slug":"cyberspine","status":"publish","type":"product","link":"https:\/\/thombd.fr\/?product=cyberspine","title":{"rendered":"CyberSpine \ud83d\udc7a\u200b"},"content":{"rendered":"<p>100% coton, flocage ultra r\u00e9sistant, lavage 40\u00b0<\/p>\n","protected":false},"excerpt":{"rendered":"<p>Tee shirt cyberpunk avec initiales personnalis\u00e9e <strong>(\u00e0 pr\u00e9ciser lors de l\u2019achat)<\/strong><\/p>\n","protected":false},"featured_media":7773,"comment_status":"open","ping_status":"closed","template":"","meta":[],"product_brand":[],"product_cat":[31],"product_tag":[79,82,75],"class_list":{"0":"post-7743","1":"product","2":"type-product","3":"status-publish","4":"has-post-thumbnail","6":"product_cat-tee-shirt","7":"product_tag-cyber","8":"product_tag-personnalisable","9":"product_tag-skull","11":"first","12":"instock","13":"shipping-taxable","14":"purchasable","15":"product-type-variable"},"jetpack_sharing_enabled":true,"_links":{"self":[{"href":"https:\/\/thombd.fr\/index.php?rest_route=\/wp\/v2\/product\/7743","targetHints":{"allow":["GET"]}}],"collection":[{"href":"https:\/\/thombd.fr\/index.php?rest_route=\/wp\/v2\/product"}],"about":[{"href":"https:\/\/thombd.fr\/index.php?rest_route=\/wp\/v2\/types\/product"}],"replies":[{"embeddable":true,"href":"https:\/\/thombd.fr\/index.php?rest_route=%2Fwp%2Fv2%2Fcomments&post=7743"}],"wp:featuredmedia":[{"embeddable":true,"href":"https:\/\/thombd.fr\/index.php?rest_route=\/wp\/v2\/media\/7773"}],"wp:attachment":[{"href":"https:\/\/thombd.fr\/index.php?rest_route=%2Fwp%2Fv2%2Fmedia&parent=7743"}],"wp:term":[{"taxonomy":"product_brand","embeddable":true,"href":"https:\/\/thombd.fr\/index.php?rest_route=%2Fwp%2Fv2%2Fproduct_brand&post=7743"},{"taxonomy":"product_cat","embeddable":true,"href":"https:\/\/thombd.fr\/index.php?rest_route=%2Fwp%2Fv2%2Fproduct_cat&post=7743"},{"taxonomy":"product_tag","embeddable":true,"href":"https:\/\/thombd.fr\/index.php?rest_route=%2Fwp%2Fv2%2Fproduct_tag&post=7743"}],"curies":[{"name":"wp","href":"https:\/\/api.w.org\/{rel}","templated":true}]}}