{"id":7736,"date":"2023-06-19T06:20:44","date_gmt":"2023-06-19T04:20:44","guid":{"rendered":"https:\/\/thombd.fr\/?post_type=product&#038;p=7736"},"modified":"2023-06-19T14:46:55","modified_gmt":"2023-06-19T12:46:55","slug":"casquette-classique","status":"publish","type":"product","link":"https:\/\/thombd.fr\/?product=casquette-classique","title":{"rendered":"Casquette Classique"},"content":{"rendered":"<ul>\n<li>tissu en <span title=\"\" data-toggle=\"tooltip\" data-placement=\"right\" data-original-title=\"Fibres r\u00e9colt\u00e9es au sein des gousses de cotonnier. Elles mesurent entre 5 et 10 cm de long et peuvent \u00eatre fil\u00e9es en fils, lesquels sont ensuite tiss\u00e9s dans des tissus en coton.\">coton<\/span><\/li>\n<li>grammage de 120g\/m\u00b2<\/li>\n<li>taille unique<\/li>\n<li><span title=\"\" data-toggle=\"tooltip\" data-placement=\"right\" data-original-title=\"Fibres r\u00e9colt\u00e9es au sein des gousses de cotonnier. Elles mesurent entre 5 et 10 cm de long et peuvent \u00eatre fil\u00e9es en fils, lesquels sont ensuite tiss\u00e9s dans des tissus en coton.\">une fermeture velcro<\/span><\/li>\n<\/ul>\n","protected":false},"excerpt":{"rendered":"<p>Casquette classique et unisexe, l\u2019atelier du 26.<\/p>\n","protected":false},"featured_media":7766,"comment_status":"open","ping_status":"closed","template":"","meta":[],"product_brand":[],"product_cat":[36],"product_tag":[57],"class_list":{"0":"post-7736","1":"product","2":"type-product","3":"status-publish","4":"has-post-thumbnail","6":"product_cat-latelier-du-26","7":"product_tag-26-workers","9":"first","10":"outofstock","11":"shipping-taxable","12":"purchasable","13":"product-type-simple"},"jetpack_sharing_enabled":true,"_links":{"self":[{"href":"https:\/\/thombd.fr\/index.php?rest_route=\/wp\/v2\/product\/7736","targetHints":{"allow":["GET"]}}],"collection":[{"href":"https:\/\/thombd.fr\/index.php?rest_route=\/wp\/v2\/product"}],"about":[{"href":"https:\/\/thombd.fr\/index.php?rest_route=\/wp\/v2\/types\/product"}],"replies":[{"embeddable":true,"href":"https:\/\/thombd.fr\/index.php?rest_route=%2Fwp%2Fv2%2Fcomments&post=7736"}],"wp:featuredmedia":[{"embeddable":true,"href":"https:\/\/thombd.fr\/index.php?rest_route=\/wp\/v2\/media\/7766"}],"wp:attachment":[{"href":"https:\/\/thombd.fr\/index.php?rest_route=%2Fwp%2Fv2%2Fmedia&parent=7736"}],"wp:term":[{"taxonomy":"product_brand","embeddable":true,"href":"https:\/\/thombd.fr\/index.php?rest_route=%2Fwp%2Fv2%2Fproduct_brand&post=7736"},{"taxonomy":"product_cat","embeddable":true,"href":"https:\/\/thombd.fr\/index.php?rest_route=%2Fwp%2Fv2%2Fproduct_cat&post=7736"},{"taxonomy":"product_tag","embeddable":true,"href":"https:\/\/thombd.fr\/index.php?rest_route=%2Fwp%2Fv2%2Fproduct_tag&post=7736"}],"curies":[{"name":"wp","href":"https:\/\/api.w.org\/{rel}","templated":true}]}}