{"id":7735,"date":"2023-06-19T06:20:44","date_gmt":"2023-06-19T04:20:44","guid":{"rendered":"https:\/\/thombd.fr\/?post_type=product&#038;p=7735"},"modified":"2023-06-19T14:46:55","modified_gmt":"2023-06-19T12:46:55","slug":"valise-a-roulettes","status":"publish","type":"product","link":"https:\/\/thombd.fr\/?product=valise-a-roulettes","title":{"rendered":"Valise \u00e0 Roulettes"},"content":{"rendered":"<ul>\n<li>100% polyester 600D<\/li>\n<li>roulettes int\u00e9gr\u00e9es haute r\u00e9sistance<\/li>\n<li>compartiment double<\/li>\n<li>poign\u00e9es lat\u00e9rale et du dessus matelass\u00e9es<\/li>\n<li>poche matelass\u00e9 pour ordinateur portable jusqu&rsquo;\u00e0 15,6&Prime;<\/li>\n<li>int\u00e9rieur de la poche s\u00e9par\u00e9 par une parois en filet<\/li>\n<li>dimensions id\u00e9ales pour bagage cabine<\/li>\n<\/ul>\n","protected":false},"excerpt":{"rendered":"<p>Valise\/sac \u00e0 roulettes, l\u2019atelier du 26.<\/p>\n","protected":false},"featured_media":7765,"comment_status":"open","ping_status":"closed","template":"","meta":[],"product_brand":[],"product_cat":[36],"product_tag":[57],"class_list":{"0":"post-7735","1":"product","2":"type-product","3":"status-publish","4":"has-post-thumbnail","6":"product_cat-latelier-du-26","7":"product_tag-26-workers","9":"first","10":"instock","11":"shipping-taxable","12":"purchasable","13":"product-type-simple"},"jetpack_sharing_enabled":true,"_links":{"self":[{"href":"https:\/\/thombd.fr\/index.php?rest_route=\/wp\/v2\/product\/7735","targetHints":{"allow":["GET"]}}],"collection":[{"href":"https:\/\/thombd.fr\/index.php?rest_route=\/wp\/v2\/product"}],"about":[{"href":"https:\/\/thombd.fr\/index.php?rest_route=\/wp\/v2\/types\/product"}],"replies":[{"embeddable":true,"href":"https:\/\/thombd.fr\/index.php?rest_route=%2Fwp%2Fv2%2Fcomments&post=7735"}],"wp:featuredmedia":[{"embeddable":true,"href":"https:\/\/thombd.fr\/index.php?rest_route=\/wp\/v2\/media\/7765"}],"wp:attachment":[{"href":"https:\/\/thombd.fr\/index.php?rest_route=%2Fwp%2Fv2%2Fmedia&parent=7735"}],"wp:term":[{"taxonomy":"product_brand","embeddable":true,"href":"https:\/\/thombd.fr\/index.php?rest_route=%2Fwp%2Fv2%2Fproduct_brand&post=7735"},{"taxonomy":"product_cat","embeddable":true,"href":"https:\/\/thombd.fr\/index.php?rest_route=%2Fwp%2Fv2%2Fproduct_cat&post=7735"},{"taxonomy":"product_tag","embeddable":true,"href":"https:\/\/thombd.fr\/index.php?rest_route=%2Fwp%2Fv2%2Fproduct_tag&post=7735"}],"curies":[{"name":"wp","href":"https:\/\/api.w.org\/{rel}","templated":true}]}}