{"id":7733,"date":"2023-06-19T06:20:44","date_gmt":"2023-06-19T04:20:44","guid":{"rendered":"https:\/\/thombd.fr\/?post_type=product&#038;p=7733"},"modified":"2023-06-19T14:46:55","modified_gmt":"2023-06-19T12:46:55","slug":"sac-a-dos-ordinateur","status":"publish","type":"product","link":"https:\/\/thombd.fr\/?product=sac-a-dos-ordinateur","title":{"rendered":"Sac \u00e0 Dos Ordinateur"},"content":{"rendered":"<ul>\n<li>100% polyester 600D<\/li>\n<li>capacit\u00e9 de 20 litres<\/li>\n<li>dimensions de 33 x 44 x 17 cm<\/li>\n<li>compartiment pour ordinateur jusqu`\u00e0 15.6<\/li>\n<li>poche s\u00e9par\u00e9e pour tablette\/iPad\u2122<\/li>\n<li>poign\u00e9e et bretelles ajustables rembourr\u00e9es<\/li>\n<li>base et dos matelass\u00e9s<\/li>\n<li>poche \u00e0 l`int\u00e9rieur avec fermeture \u00e0 glissi\u00e8re<\/li>\n<li>section organiseur \u00e0 l`int\u00e9rieur<\/li>\n<li>attache pour cl\u00e9 USB<\/li>\n<\/ul>\n","protected":false},"excerpt":{"rendered":"<p>Sac \u00e0 dos ordinateur, l\u2019atelier du 26.<\/p>\n","protected":false},"featured_media":7763,"comment_status":"open","ping_status":"closed","template":"","meta":[],"product_brand":[],"product_cat":[36],"product_tag":[57],"class_list":{"0":"post-7733","1":"product","2":"type-product","3":"status-publish","4":"has-post-thumbnail","6":"product_cat-latelier-du-26","7":"product_tag-26-workers","9":"first","10":"instock","11":"shipping-taxable","12":"purchasable","13":"product-type-simple"},"jetpack_sharing_enabled":true,"_links":{"self":[{"href":"https:\/\/thombd.fr\/index.php?rest_route=\/wp\/v2\/product\/7733","targetHints":{"allow":["GET"]}}],"collection":[{"href":"https:\/\/thombd.fr\/index.php?rest_route=\/wp\/v2\/product"}],"about":[{"href":"https:\/\/thombd.fr\/index.php?rest_route=\/wp\/v2\/types\/product"}],"replies":[{"embeddable":true,"href":"https:\/\/thombd.fr\/index.php?rest_route=%2Fwp%2Fv2%2Fcomments&post=7733"}],"wp:featuredmedia":[{"embeddable":true,"href":"https:\/\/thombd.fr\/index.php?rest_route=\/wp\/v2\/media\/7763"}],"wp:attachment":[{"href":"https:\/\/thombd.fr\/index.php?rest_route=%2Fwp%2Fv2%2Fmedia&parent=7733"}],"wp:term":[{"taxonomy":"product_brand","embeddable":true,"href":"https:\/\/thombd.fr\/index.php?rest_route=%2Fwp%2Fv2%2Fproduct_brand&post=7733"},{"taxonomy":"product_cat","embeddable":true,"href":"https:\/\/thombd.fr\/index.php?rest_route=%2Fwp%2Fv2%2Fproduct_cat&post=7733"},{"taxonomy":"product_tag","embeddable":true,"href":"https:\/\/thombd.fr\/index.php?rest_route=%2Fwp%2Fv2%2Fproduct_tag&post=7733"}],"curies":[{"name":"wp","href":"https:\/\/api.w.org\/{rel}","templated":true}]}}