{"id":7732,"date":"2023-06-19T06:20:44","date_gmt":"2023-06-19T04:20:44","guid":{"rendered":"https:\/\/thombd.fr\/?post_type=product&#038;p=7732"},"modified":"2023-06-19T14:46:54","modified_gmt":"2023-06-19T12:46:54","slug":"sac-a-dos-business","status":"publish","type":"product","link":"https:\/\/thombd.fr\/?product=sac-a-dos-business","title":{"rendered":"Sac \u00e0 Dos Business"},"content":{"rendered":"<ul>\n<li>100% polyester 600D<\/li>\n<li>1 poche frontale zipp\u00e9e<\/li>\n<li>compartiment ordinateur matelass\u00e9<\/li>\n<li>bretelles r\u00e9glables matelass\u00e9es et renforc\u00e9es<\/li>\n<li>dos matelass\u00e9<\/li>\n<li>r\u00e9ducteurs de volume par clip<\/li>\n<li>poign\u00e9e de transport en nylon<\/li>\n<\/ul>\n","protected":false},"excerpt":{"rendered":"<p>Sac \u00e0 dos business, l\u2019atelier du 26.<\/p>\n","protected":false},"featured_media":7762,"comment_status":"open","ping_status":"closed","template":"","meta":[],"product_brand":[],"product_cat":[36],"product_tag":[57],"class_list":{"0":"post-7732","1":"product","2":"type-product","3":"status-publish","4":"has-post-thumbnail","6":"product_cat-latelier-du-26","7":"product_tag-26-workers","9":"first","10":"instock","11":"shipping-taxable","12":"purchasable","13":"product-type-simple"},"jetpack_sharing_enabled":true,"_links":{"self":[{"href":"https:\/\/thombd.fr\/index.php?rest_route=\/wp\/v2\/product\/7732","targetHints":{"allow":["GET"]}}],"collection":[{"href":"https:\/\/thombd.fr\/index.php?rest_route=\/wp\/v2\/product"}],"about":[{"href":"https:\/\/thombd.fr\/index.php?rest_route=\/wp\/v2\/types\/product"}],"replies":[{"embeddable":true,"href":"https:\/\/thombd.fr\/index.php?rest_route=%2Fwp%2Fv2%2Fcomments&post=7732"}],"wp:featuredmedia":[{"embeddable":true,"href":"https:\/\/thombd.fr\/index.php?rest_route=\/wp\/v2\/media\/7762"}],"wp:attachment":[{"href":"https:\/\/thombd.fr\/index.php?rest_route=%2Fwp%2Fv2%2Fmedia&parent=7732"}],"wp:term":[{"taxonomy":"product_brand","embeddable":true,"href":"https:\/\/thombd.fr\/index.php?rest_route=%2Fwp%2Fv2%2Fproduct_brand&post=7732"},{"taxonomy":"product_cat","embeddable":true,"href":"https:\/\/thombd.fr\/index.php?rest_route=%2Fwp%2Fv2%2Fproduct_cat&post=7732"},{"taxonomy":"product_tag","embeddable":true,"href":"https:\/\/thombd.fr\/index.php?rest_route=%2Fwp%2Fv2%2Fproduct_tag&post=7732"}],"curies":[{"name":"wp","href":"https:\/\/api.w.org\/{rel}","templated":true}]}}