{"id":7687,"date":"2023-06-19T06:17:50","date_gmt":"2023-06-19T04:17:50","guid":{"rendered":"https:\/\/thombd.fr\/?post_type=product&#038;p=7687"},"modified":"2023-06-19T14:46:58","modified_gmt":"2023-06-19T12:46:58","slug":"veste-polaire","status":"publish","type":"product","link":"https:\/\/thombd.fr\/?product=veste-polaire","title":{"rendered":"Veste Polaire"},"content":{"rendered":"<ul>\n<li>100% polyester recycl\u00e9 certifi\u00e9 GRS<\/li>\n<li>grammage de 160 g\/m\u00b2<\/li>\n<li>coupe regular \u00e0 manches longues<\/li>\n<li>col montant<\/li>\n<li>coutures d\u00e9coratives<\/li>\n<li>poches lat\u00e9rales<\/li>\n<li>biais \u00e9lastiqu\u00e9s aux poignets et \u00e0 la taille<\/li>\n<\/ul>\n","protected":false},"excerpt":{"rendered":"<p>Veste polaire en polyester recycl\u00e9 unisexe l\u2019atelier du 26.<\/p>\n<p>Broderie ou flocage <strong><em>(en cours de test).<\/em><\/strong><\/p>\n<p>&nbsp;<\/p>\n","protected":false},"featured_media":7704,"comment_status":"open","ping_status":"closed","template":"","meta":[],"product_brand":[],"product_cat":[36],"product_tag":[57],"class_list":{"0":"post-7687","1":"product","2":"type-product","3":"status-publish","4":"has-post-thumbnail","6":"product_cat-latelier-du-26","7":"product_tag-26-workers","9":"first","10":"instock","11":"shipping-taxable","12":"purchasable","13":"product-type-variable"},"jetpack_sharing_enabled":true,"_links":{"self":[{"href":"https:\/\/thombd.fr\/index.php?rest_route=\/wp\/v2\/product\/7687","targetHints":{"allow":["GET"]}}],"collection":[{"href":"https:\/\/thombd.fr\/index.php?rest_route=\/wp\/v2\/product"}],"about":[{"href":"https:\/\/thombd.fr\/index.php?rest_route=\/wp\/v2\/types\/product"}],"replies":[{"embeddable":true,"href":"https:\/\/thombd.fr\/index.php?rest_route=%2Fwp%2Fv2%2Fcomments&post=7687"}],"wp:featuredmedia":[{"embeddable":true,"href":"https:\/\/thombd.fr\/index.php?rest_route=\/wp\/v2\/media\/7704"}],"wp:attachment":[{"href":"https:\/\/thombd.fr\/index.php?rest_route=%2Fwp%2Fv2%2Fmedia&parent=7687"}],"wp:term":[{"taxonomy":"product_brand","embeddable":true,"href":"https:\/\/thombd.fr\/index.php?rest_route=%2Fwp%2Fv2%2Fproduct_brand&post=7687"},{"taxonomy":"product_cat","embeddable":true,"href":"https:\/\/thombd.fr\/index.php?rest_route=%2Fwp%2Fv2%2Fproduct_cat&post=7687"},{"taxonomy":"product_tag","embeddable":true,"href":"https:\/\/thombd.fr\/index.php?rest_route=%2Fwp%2Fv2%2Fproduct_tag&post=7687"}],"curies":[{"name":"wp","href":"https:\/\/api.w.org\/{rel}","templated":true}]}}