{"id":7679,"date":"2023-06-19T06:17:36","date_gmt":"2023-06-19T04:17:36","guid":{"rendered":"https:\/\/thombd.fr\/?post_type=product&#038;p=7679"},"modified":"2023-06-19T14:46:58","modified_gmt":"2023-06-19T12:46:58","slug":"hoodie-zip","status":"publish","type":"product","link":"https:\/\/thombd.fr\/?product=hoodie-zip","title":{"rendered":"Hoodie Zip"},"content":{"rendered":"<ul>\n<li>50% polyester, 50% coton<\/li>\n<li>grammage de 300g\/m\u00b2<\/li>\n<li>bas et <span title=\"\" data-toggle=\"tooltip\" data-placement=\"right\" data-original-title=\"Partie terminale d'une manche, o\u00f9 la mati\u00e8re de la manche est retourn\u00e9e ou une bande s\u00e9par\u00e9e est cousue. \">poignets<\/span>\u00a0en lycra<\/li>\n<li>capuche doubl\u00e9e<\/li>\n<li>doubles coutures<\/li>\n<li>fermeture et lacet ton sur ton<\/li>\n<li>une bande de propret\u00e9 au col<\/li>\n<li>poches \u00e0 l\u2019avant<\/li>\n<li>int\u00e9rieur en molleton gratt\u00e9<\/li>\n<\/ul>\n","protected":false},"excerpt":{"rendered":"<p>Hoodie Zip avec capuche et fermeture \u00e9clair unisexe l\u2019atelier du 26.<\/p>\n<p>&nbsp;<\/p>\n","protected":false},"featured_media":7703,"comment_status":"open","ping_status":"closed","template":"","meta":[],"product_brand":[],"product_cat":[36],"product_tag":[57],"class_list":{"0":"post-7679","1":"product","2":"type-product","3":"status-publish","4":"has-post-thumbnail","6":"product_cat-latelier-du-26","7":"product_tag-26-workers","9":"first","10":"instock","11":"shipping-taxable","12":"purchasable","13":"product-type-variable"},"jetpack_sharing_enabled":true,"_links":{"self":[{"href":"https:\/\/thombd.fr\/index.php?rest_route=\/wp\/v2\/product\/7679","targetHints":{"allow":["GET"]}}],"collection":[{"href":"https:\/\/thombd.fr\/index.php?rest_route=\/wp\/v2\/product"}],"about":[{"href":"https:\/\/thombd.fr\/index.php?rest_route=\/wp\/v2\/types\/product"}],"replies":[{"embeddable":true,"href":"https:\/\/thombd.fr\/index.php?rest_route=%2Fwp%2Fv2%2Fcomments&post=7679"}],"wp:featuredmedia":[{"embeddable":true,"href":"https:\/\/thombd.fr\/index.php?rest_route=\/wp\/v2\/media\/7703"}],"wp:attachment":[{"href":"https:\/\/thombd.fr\/index.php?rest_route=%2Fwp%2Fv2%2Fmedia&parent=7679"}],"wp:term":[{"taxonomy":"product_brand","embeddable":true,"href":"https:\/\/thombd.fr\/index.php?rest_route=%2Fwp%2Fv2%2Fproduct_brand&post=7679"},{"taxonomy":"product_cat","embeddable":true,"href":"https:\/\/thombd.fr\/index.php?rest_route=%2Fwp%2Fv2%2Fproduct_cat&post=7679"},{"taxonomy":"product_tag","embeddable":true,"href":"https:\/\/thombd.fr\/index.php?rest_route=%2Fwp%2Fv2%2Fproduct_tag&post=7679"}],"curies":[{"name":"wp","href":"https:\/\/api.w.org\/{rel}","templated":true}]}}