{"id":7666,"date":"2023-06-19T06:16:22","date_gmt":"2023-06-19T04:16:22","guid":{"rendered":"https:\/\/thombd.fr\/?post_type=product&#038;p=7666"},"modified":"2023-06-19T14:46:58","modified_gmt":"2023-06-19T12:46:58","slug":"sweat-shirt","status":"publish","type":"product","link":"https:\/\/thombd.fr\/?product=sweat-shirt","title":{"rendered":"Sweat Shirt"},"content":{"rendered":"<ul>\n<li>50% coton, 50% polyester<\/li>\n<li>grammage de 270 g\/m\u00b2<\/li>\n<li>col rond<\/li>\n<li>les manches mont\u00e9es et la coupe droite<\/li>\n<li>une c\u00f4te \u00e9lasthanne 1&#215;1 sur le bord inf\u00e9rieur, les poign\u00e9es et le col<\/li>\n<li>pour toutes saisons<\/li>\n<\/ul>\n","protected":false},"excerpt":{"rendered":"<p>Sweat shirt coupe droite unisex, l\u2019atelier du 26.<\/p>\n<p>&nbsp;<\/p>\n","protected":false},"featured_media":7693,"comment_status":"open","ping_status":"closed","template":"","meta":[],"product_brand":[],"product_cat":[36],"product_tag":[57],"class_list":{"0":"post-7666","1":"product","2":"type-product","3":"status-publish","4":"has-post-thumbnail","6":"product_cat-latelier-du-26","7":"product_tag-26-workers","9":"first","10":"instock","11":"shipping-taxable","12":"purchasable","13":"product-type-variable"},"jetpack_sharing_enabled":true,"_links":{"self":[{"href":"https:\/\/thombd.fr\/index.php?rest_route=\/wp\/v2\/product\/7666","targetHints":{"allow":["GET"]}}],"collection":[{"href":"https:\/\/thombd.fr\/index.php?rest_route=\/wp\/v2\/product"}],"about":[{"href":"https:\/\/thombd.fr\/index.php?rest_route=\/wp\/v2\/types\/product"}],"replies":[{"embeddable":true,"href":"https:\/\/thombd.fr\/index.php?rest_route=%2Fwp%2Fv2%2Fcomments&post=7666"}],"wp:featuredmedia":[{"embeddable":true,"href":"https:\/\/thombd.fr\/index.php?rest_route=\/wp\/v2\/media\/7693"}],"wp:attachment":[{"href":"https:\/\/thombd.fr\/index.php?rest_route=%2Fwp%2Fv2%2Fmedia&parent=7666"}],"wp:term":[{"taxonomy":"product_brand","embeddable":true,"href":"https:\/\/thombd.fr\/index.php?rest_route=%2Fwp%2Fv2%2Fproduct_brand&post=7666"},{"taxonomy":"product_cat","embeddable":true,"href":"https:\/\/thombd.fr\/index.php?rest_route=%2Fwp%2Fv2%2Fproduct_cat&post=7666"},{"taxonomy":"product_tag","embeddable":true,"href":"https:\/\/thombd.fr\/index.php?rest_route=%2Fwp%2Fv2%2Fproduct_tag&post=7666"}],"curies":[{"name":"wp","href":"https:\/\/api.w.org\/{rel}","templated":true}]}}