{"id":7656,"date":"2023-06-19T06:15:26","date_gmt":"2023-06-19T04:15:26","guid":{"rendered":"https:\/\/thombd.fr\/?post_type=product&#038;p=7656"},"modified":"2023-06-19T14:46:59","modified_gmt":"2023-06-19T12:46:59","slug":"t-shirt-manches-longues","status":"publish","type":"product","link":"https:\/\/thombd.fr\/?product=t-shirt-manches-longues","title":{"rendered":"T-shirt Manches Longues"},"content":{"rendered":"<ul>\n<li>grammage de 150g\/m\u00b2<\/li>\n<li>une \u00e9paisseur qui assurera un confort de port in\u00e9galable<\/li>\n<li>confortable, agr\u00e9able \u00e0 regarder et facile \u00e0 entretenir<\/li>\n<li>coupe tubulaire<\/li>\n<li><span title=\"\" data-toggle=\"tooltip\" data-placement=\"right\" data-original-title=\"V\u00eatement avec un col arrondi, plut\u00f4t ample. \">col rond <\/span>en c\u00f4tes 1:1<\/li>\n<li>bande de propret\u00e9 col dans la m\u00eame mati\u00e8re<\/li>\n<li>coutures d&rsquo;\u00e9paules renforc\u00e9es<\/li>\n<li>garantir une robustesse et une solidit\u00e9 sur le long terme<\/li>\n<\/ul>\n","protected":false},"excerpt":{"rendered":"<p>T-shirt manches longues unisexe l\u2019atelier du 26.<\/p>\n<p>&nbsp;<\/p>\n","protected":false},"featured_media":7671,"comment_status":"open","ping_status":"closed","template":"","meta":[],"product_brand":[],"product_cat":[36],"product_tag":[57],"class_list":{"0":"post-7656","1":"product","2":"type-product","3":"status-publish","4":"has-post-thumbnail","6":"product_cat-latelier-du-26","7":"product_tag-26-workers","9":"first","10":"instock","11":"shipping-taxable","12":"purchasable","13":"product-type-variable"},"jetpack_sharing_enabled":true,"_links":{"self":[{"href":"https:\/\/thombd.fr\/index.php?rest_route=\/wp\/v2\/product\/7656","targetHints":{"allow":["GET"]}}],"collection":[{"href":"https:\/\/thombd.fr\/index.php?rest_route=\/wp\/v2\/product"}],"about":[{"href":"https:\/\/thombd.fr\/index.php?rest_route=\/wp\/v2\/types\/product"}],"replies":[{"embeddable":true,"href":"https:\/\/thombd.fr\/index.php?rest_route=%2Fwp%2Fv2%2Fcomments&post=7656"}],"wp:featuredmedia":[{"embeddable":true,"href":"https:\/\/thombd.fr\/index.php?rest_route=\/wp\/v2\/media\/7671"}],"wp:attachment":[{"href":"https:\/\/thombd.fr\/index.php?rest_route=%2Fwp%2Fv2%2Fmedia&parent=7656"}],"wp:term":[{"taxonomy":"product_brand","embeddable":true,"href":"https:\/\/thombd.fr\/index.php?rest_route=%2Fwp%2Fv2%2Fproduct_brand&post=7656"},{"taxonomy":"product_cat","embeddable":true,"href":"https:\/\/thombd.fr\/index.php?rest_route=%2Fwp%2Fv2%2Fproduct_cat&post=7656"},{"taxonomy":"product_tag","embeddable":true,"href":"https:\/\/thombd.fr\/index.php?rest_route=%2Fwp%2Fv2%2Fproduct_tag&post=7656"}],"curies":[{"name":"wp","href":"https:\/\/api.w.org\/{rel}","templated":true}]}}