{"id":7647,"date":"2023-06-19T06:14:13","date_gmt":"2023-06-19T04:14:13","guid":{"rendered":"https:\/\/thombd.fr\/?post_type=product&#038;p=7647"},"modified":"2023-06-19T14:46:59","modified_gmt":"2023-06-19T12:46:59","slug":"t-shirt-haut-de-gamme","status":"publish","type":"product","link":"https:\/\/thombd.fr\/?product=t-shirt-haut-de-gamme","title":{"rendered":"T-shirt Haut de Gamme"},"content":{"rendered":"<ul>\n<li>fil Belcoro\u00ae 100% coton<\/li>\n<li>grammage de 205 g\/m\u00b2<\/li>\n<li>tr\u00e8s doux et agr\u00e9able \u00e0 porter<\/li>\n<li><span title=\"\" data-toggle=\"tooltip\" data-placement=\"right\" data-original-title=\"V\u00eatement avec un col arrondi, plut\u00f4t ample. \">col rond <\/span><span title=\"\" data-toggle=\"tooltip\" data-placement=\"right\" data-original-title=\"Fibres r\u00e9colt\u00e9es au sein des gousses de cotonnier. Elles mesurent entre 5 et 10 cm de long et peuvent \u00eatre fil\u00e9es en fils, lesquels sont ensuite tiss\u00e9s dans des tissus en coton.\">coton<\/span> \/ \u00e9lasthanne<\/li>\n<li>design intemporel<\/li>\n<li>lavage \u00e0 la machine \u00e0 60\u00b0 maximum<\/li>\n<li>tr\u00e8s facile \u00e0 entretenir<\/li>\n<li>un mod\u00e8le beaucoup plus r\u00e9sistant et durable que la plupart des autres t-shirts<\/li>\n<\/ul>\n","protected":false},"excerpt":{"rendered":"<p>T-shirt qualit\u00e9 sup\u00e9rieure , unisexe l\u2019atelier du 26.<\/p>\n<p>&nbsp;<\/p>\n","protected":false},"featured_media":7670,"comment_status":"open","ping_status":"closed","template":"","meta":[],"product_brand":[],"product_cat":[36],"product_tag":[57],"class_list":{"0":"post-7647","1":"product","2":"type-product","3":"status-publish","4":"has-post-thumbnail","6":"product_cat-latelier-du-26","7":"product_tag-26-workers","9":"first","10":"instock","11":"shipping-taxable","12":"purchasable","13":"product-type-variable"},"jetpack_sharing_enabled":true,"_links":{"self":[{"href":"https:\/\/thombd.fr\/index.php?rest_route=\/wp\/v2\/product\/7647","targetHints":{"allow":["GET"]}}],"collection":[{"href":"https:\/\/thombd.fr\/index.php?rest_route=\/wp\/v2\/product"}],"about":[{"href":"https:\/\/thombd.fr\/index.php?rest_route=\/wp\/v2\/types\/product"}],"replies":[{"embeddable":true,"href":"https:\/\/thombd.fr\/index.php?rest_route=%2Fwp%2Fv2%2Fcomments&post=7647"}],"wp:featuredmedia":[{"embeddable":true,"href":"https:\/\/thombd.fr\/index.php?rest_route=\/wp\/v2\/media\/7670"}],"wp:attachment":[{"href":"https:\/\/thombd.fr\/index.php?rest_route=%2Fwp%2Fv2%2Fmedia&parent=7647"}],"wp:term":[{"taxonomy":"product_brand","embeddable":true,"href":"https:\/\/thombd.fr\/index.php?rest_route=%2Fwp%2Fv2%2Fproduct_brand&post=7647"},{"taxonomy":"product_cat","embeddable":true,"href":"https:\/\/thombd.fr\/index.php?rest_route=%2Fwp%2Fv2%2Fproduct_cat&post=7647"},{"taxonomy":"product_tag","embeddable":true,"href":"https:\/\/thombd.fr\/index.php?rest_route=%2Fwp%2Fv2%2Fproduct_tag&post=7647"}],"curies":[{"name":"wp","href":"https:\/\/api.w.org\/{rel}","templated":true}]}}