{"id":7640,"date":"2023-06-19T06:14:09","date_gmt":"2023-06-19T04:14:09","guid":{"rendered":"https:\/\/thombd.fr\/?post_type=product&#038;p=7640"},"modified":"2023-06-19T14:46:59","modified_gmt":"2023-06-19T12:46:59","slug":"t-shirt-milieu-de-gamme","status":"publish","type":"product","link":"https:\/\/thombd.fr\/?product=t-shirt-milieu-de-gamme","title":{"rendered":"T-shirt Milieu de Gamme"},"content":{"rendered":"<ul>\n<li>100% coton avec fil Belcoro\u00ae<\/li>\n<li>grammage de 190g\/m\u00b2<\/li>\n<li>t-shirt en <span title=\"\" data-toggle=\"tooltip\" data-placement=\"right\" data-original-title=\"Fibres r\u00e9colt\u00e9es au sein des gousses de cotonnier. Elles mesurent entre 5 et 10 cm de long et peuvent \u00eatre fil\u00e9es en fils, lesquels sont ensuite tiss\u00e9s dans des tissus en coton.\">coton<\/span>\u00a0lourd r\u00e9sistant<\/li>\n<li>bonne long\u00e9vit\u00e9<\/li>\n<li>coupe tubulair<\/li>\n<li>double surpiq\u00fbre aux manches et en bas<\/li>\n<li>col rond et bien taill\u00e9<\/li>\n<li>une bande de propret\u00e9 allant d&rsquo;\u00e9paule \u00e0 \u00e9paule<\/li>\n<li>lavage en optimal \u00e0 30\u00b0<\/li>\n<\/ul>\n","protected":false},"excerpt":{"rendered":"<p>T-shirt coton lourd unisexe, l\u2019atelier du 26.<\/p>\n<p>&nbsp;<\/p>\n","protected":false},"featured_media":7668,"comment_status":"open","ping_status":"closed","template":"","meta":[],"product_brand":[],"product_cat":[36],"product_tag":[57],"class_list":{"0":"post-7640","1":"product","2":"type-product","3":"status-publish","4":"has-post-thumbnail","6":"product_cat-latelier-du-26","7":"product_tag-26-workers","9":"first","10":"instock","11":"shipping-taxable","12":"purchasable","13":"product-type-variable"},"jetpack_sharing_enabled":true,"_links":{"self":[{"href":"https:\/\/thombd.fr\/index.php?rest_route=\/wp\/v2\/product\/7640","targetHints":{"allow":["GET"]}}],"collection":[{"href":"https:\/\/thombd.fr\/index.php?rest_route=\/wp\/v2\/product"}],"about":[{"href":"https:\/\/thombd.fr\/index.php?rest_route=\/wp\/v2\/types\/product"}],"replies":[{"embeddable":true,"href":"https:\/\/thombd.fr\/index.php?rest_route=%2Fwp%2Fv2%2Fcomments&post=7640"}],"wp:featuredmedia":[{"embeddable":true,"href":"https:\/\/thombd.fr\/index.php?rest_route=\/wp\/v2\/media\/7668"}],"wp:attachment":[{"href":"https:\/\/thombd.fr\/index.php?rest_route=%2Fwp%2Fv2%2Fmedia&parent=7640"}],"wp:term":[{"taxonomy":"product_brand","embeddable":true,"href":"https:\/\/thombd.fr\/index.php?rest_route=%2Fwp%2Fv2%2Fproduct_brand&post=7640"},{"taxonomy":"product_cat","embeddable":true,"href":"https:\/\/thombd.fr\/index.php?rest_route=%2Fwp%2Fv2%2Fproduct_cat&post=7640"},{"taxonomy":"product_tag","embeddable":true,"href":"https:\/\/thombd.fr\/index.php?rest_route=%2Fwp%2Fv2%2Fproduct_tag&post=7640"}],"curies":[{"name":"wp","href":"https:\/\/api.w.org\/{rel}","templated":true}]}}