{"id":7619,"date":"2023-06-19T06:12:36","date_gmt":"2023-06-19T04:12:36","guid":{"rendered":"https:\/\/thombd.fr\/?post_type=product&#038;p=7619"},"modified":"2023-06-19T14:47:00","modified_gmt":"2023-06-19T12:47:00","slug":"t-shirt-col-v-femme","status":"publish","type":"product","link":"https:\/\/thombd.fr\/?product=t-shirt-col-v-femme","title":{"rendered":"T-shirt Col V Femme"},"content":{"rendered":"<ul>\n<li>100% coton semi-peign\u00e9<\/li>\n<li>confortable et doux au toucher<\/li>\n<li>un haut f\u00e9minin \u00e9l\u00e9gant et facile \u00e0 porter<\/li>\n<li>une coupe simple et ind\u00e9modable<\/li>\n<li>manches courtes<\/li>\n<\/ul>\n","protected":false},"excerpt":{"rendered":"<p>T-shirt col V femme l\u2019atelier du 26.<\/p>\n<p>&nbsp;<\/p>\n","protected":false},"featured_media":7650,"comment_status":"open","ping_status":"closed","template":"","meta":[],"product_brand":[],"product_cat":[36],"product_tag":[57],"class_list":{"0":"post-7619","1":"product","2":"type-product","3":"status-publish","4":"has-post-thumbnail","6":"product_cat-latelier-du-26","7":"product_tag-26-workers","9":"first","10":"instock","11":"shipping-taxable","12":"purchasable","13":"product-type-variable"},"jetpack_sharing_enabled":true,"_links":{"self":[{"href":"https:\/\/thombd.fr\/index.php?rest_route=\/wp\/v2\/product\/7619","targetHints":{"allow":["GET"]}}],"collection":[{"href":"https:\/\/thombd.fr\/index.php?rest_route=\/wp\/v2\/product"}],"about":[{"href":"https:\/\/thombd.fr\/index.php?rest_route=\/wp\/v2\/types\/product"}],"replies":[{"embeddable":true,"href":"https:\/\/thombd.fr\/index.php?rest_route=%2Fwp%2Fv2%2Fcomments&post=7619"}],"wp:featuredmedia":[{"embeddable":true,"href":"https:\/\/thombd.fr\/index.php?rest_route=\/wp\/v2\/media\/7650"}],"wp:attachment":[{"href":"https:\/\/thombd.fr\/index.php?rest_route=%2Fwp%2Fv2%2Fmedia&parent=7619"}],"wp:term":[{"taxonomy":"product_brand","embeddable":true,"href":"https:\/\/thombd.fr\/index.php?rest_route=%2Fwp%2Fv2%2Fproduct_brand&post=7619"},{"taxonomy":"product_cat","embeddable":true,"href":"https:\/\/thombd.fr\/index.php?rest_route=%2Fwp%2Fv2%2Fproduct_cat&post=7619"},{"taxonomy":"product_tag","embeddable":true,"href":"https:\/\/thombd.fr\/index.php?rest_route=%2Fwp%2Fv2%2Fproduct_tag&post=7619"}],"curies":[{"name":"wp","href":"https:\/\/api.w.org\/{rel}","templated":true}]}}