{"id":7597,"date":"2023-06-19T06:12:33","date_gmt":"2023-06-19T04:12:33","guid":{"rendered":"https:\/\/thombd.fr\/?post_type=product&#038;p=7597"},"modified":"2023-06-19T14:47:01","modified_gmt":"2023-06-19T12:47:01","slug":"veste-sans-manches-multi-poches","status":"publish","type":"product","link":"https:\/\/thombd.fr\/?product=veste-sans-manches-multi-poches","title":{"rendered":"Veste sans Manches Multi-poches"},"content":{"rendered":"<ul>\n<li>65% polyester, 35% coton<\/li>\n<li>grammage de 200 g\/m\u00b2<\/li>\n<li>zip central avec tireur<\/li>\n<li>col V<\/li>\n<li>2 poches lat\u00e9rales avec zip et tireur<\/li>\n<li>2 poches superpos\u00e9 avec rabat et fermeture velcro<\/li>\n<li>2 poches arri\u00e8re avec rabat et fermeture <span title=\"\" data-toggle=\"tooltip\" data-placement=\"right\" data-original-title=\"Attache pour v\u00eatements ou autres articles, constitu\u00e9e de deux bandes de fine feuille de plastique, l'une couverte de petites boucles et l'autre de minuscules crochets flexibles, qui adh\u00e8rent lorsqu'on les presse l'une contre l'autre et peuvent \u00eatre s\u00e9par\u00e9es lorsqu'on les tire. \">velcro<\/span><\/li>\n<li>3 poches sur le torse avec rabat et fermeture en <span title=\"\" data-toggle=\"tooltip\" data-placement=\"right\" data-original-title=\"Attache pour v\u00eatements ou autres articles, constitu\u00e9e de deux bandes de fine feuille de plastique, l'une couverte de petites boucles et l'autre de minuscules crochets flexibles, qui adh\u00e8rent lorsqu'on les presse l'une contre l'autre et peuvent \u00eatre s\u00e9par\u00e9es lorsqu'on les tire. \">velcro<\/span><\/li>\n<li>Cou, emmanchure et\u00a0<span title=\"\" data-toggle=\"tooltip\" data-placement=\"right\" data-original-title=\"Le bord d'un morceau de tissu ou de v\u00eatement qui a \u00e9t\u00e9 retourn\u00e9 et cousu. \">ourlet<\/span>\u00a0avec passepoil<\/li>\n<\/ul>\n","protected":false},"excerpt":{"rendered":"<p>Veste sans manches multi-poches pour les techniciens de l&rsquo;atelier du 26.<\/p>\n","protected":false},"featured_media":7626,"comment_status":"open","ping_status":"closed","template":"","meta":[],"product_brand":[],"product_cat":[36],"product_tag":[57],"class_list":{"0":"post-7597","1":"product","2":"type-product","3":"status-publish","4":"has-post-thumbnail","6":"product_cat-latelier-du-26","7":"product_tag-26-workers","9":"first","10":"instock","11":"shipping-taxable","12":"purchasable","13":"product-type-variable"},"jetpack_sharing_enabled":true,"_links":{"self":[{"href":"https:\/\/thombd.fr\/index.php?rest_route=\/wp\/v2\/product\/7597","targetHints":{"allow":["GET"]}}],"collection":[{"href":"https:\/\/thombd.fr\/index.php?rest_route=\/wp\/v2\/product"}],"about":[{"href":"https:\/\/thombd.fr\/index.php?rest_route=\/wp\/v2\/types\/product"}],"replies":[{"embeddable":true,"href":"https:\/\/thombd.fr\/index.php?rest_route=%2Fwp%2Fv2%2Fcomments&post=7597"}],"wp:featuredmedia":[{"embeddable":true,"href":"https:\/\/thombd.fr\/index.php?rest_route=\/wp\/v2\/media\/7626"}],"wp:attachment":[{"href":"https:\/\/thombd.fr\/index.php?rest_route=%2Fwp%2Fv2%2Fmedia&parent=7597"}],"wp:term":[{"taxonomy":"product_brand","embeddable":true,"href":"https:\/\/thombd.fr\/index.php?rest_route=%2Fwp%2Fv2%2Fproduct_brand&post=7597"},{"taxonomy":"product_cat","embeddable":true,"href":"https:\/\/thombd.fr\/index.php?rest_route=%2Fwp%2Fv2%2Fproduct_cat&post=7597"},{"taxonomy":"product_tag","embeddable":true,"href":"https:\/\/thombd.fr\/index.php?rest_route=%2Fwp%2Fv2%2Fproduct_tag&post=7597"}],"curies":[{"name":"wp","href":"https:\/\/api.w.org\/{rel}","templated":true}]}}