{"id":7564,"date":"2023-06-19T06:12:04","date_gmt":"2023-06-19T04:12:04","guid":{"rendered":"https:\/\/thombd.fr\/?post_type=product&#038;p=7564"},"modified":"2023-06-19T16:31:32","modified_gmt":"2023-06-19T14:31:32","slug":"japan-spine","status":"publish","type":"product","link":"https:\/\/thombd.fr\/?product=japan-spine","title":{"rendered":"Japan spine \ud83c\uddef\ud83c\uddf5\u200b"},"content":{"rendered":"<p>100% coton, flocage ultra r\u00e9sistant, lavage 40\u00b0<\/p>\n","protected":false},"excerpt":{"rendered":"<p>Tee shirt japan kamikaze avec initiales personnalis\u00e9e <strong>(\u00e0 pr\u00e9ciser lors de l&rsquo;achat)<\/strong><\/p>\n","protected":false},"featured_media":7593,"comment_status":"open","ping_status":"closed","template":"","meta":[],"product_brand":[],"product_cat":[31],"product_tag":[61,69,82,75],"class_list":{"0":"post-7564","1":"product","2":"type-product","3":"status-publish","4":"has-post-thumbnail","6":"product_cat-tee-shirt","7":"product_tag-asian","8":"product_tag-japan","9":"product_tag-personnalisable","10":"product_tag-skull","12":"first","13":"instock","14":"featured","15":"shipping-taxable","16":"purchasable","17":"product-type-variable"},"jetpack_sharing_enabled":true,"_links":{"self":[{"href":"https:\/\/thombd.fr\/index.php?rest_route=\/wp\/v2\/product\/7564","targetHints":{"allow":["GET"]}}],"collection":[{"href":"https:\/\/thombd.fr\/index.php?rest_route=\/wp\/v2\/product"}],"about":[{"href":"https:\/\/thombd.fr\/index.php?rest_route=\/wp\/v2\/types\/product"}],"replies":[{"embeddable":true,"href":"https:\/\/thombd.fr\/index.php?rest_route=%2Fwp%2Fv2%2Fcomments&post=7564"}],"wp:featuredmedia":[{"embeddable":true,"href":"https:\/\/thombd.fr\/index.php?rest_route=\/wp\/v2\/media\/7593"}],"wp:attachment":[{"href":"https:\/\/thombd.fr\/index.php?rest_route=%2Fwp%2Fv2%2Fmedia&parent=7564"}],"wp:term":[{"taxonomy":"product_brand","embeddable":true,"href":"https:\/\/thombd.fr\/index.php?rest_route=%2Fwp%2Fv2%2Fproduct_brand&post=7564"},{"taxonomy":"product_cat","embeddable":true,"href":"https:\/\/thombd.fr\/index.php?rest_route=%2Fwp%2Fv2%2Fproduct_cat&post=7564"},{"taxonomy":"product_tag","embeddable":true,"href":"https:\/\/thombd.fr\/index.php?rest_route=%2Fwp%2Fv2%2Fproduct_tag&post=7564"}],"curies":[{"name":"wp","href":"https:\/\/api.w.org\/{rel}","templated":true}]}}