{"id":7327,"date":"2023-06-19T06:08:27","date_gmt":"2023-06-19T04:08:27","guid":{"rendered":"https:\/\/thombd.fr\/?post_type=product&#038;p=7327"},"modified":"2023-06-19T14:47:01","modified_gmt":"2023-06-19T12:47:01","slug":"t-shirt-homme-classique","status":"publish","type":"product","link":"https:\/\/thombd.fr\/?product=t-shirt-homme-classique","title":{"rendered":"T-shirt Homme Classique"},"content":{"rendered":"<ul>\n<li>100% coton<\/li>\n<li>grammage de 145 g \/ m\u00b2<\/li>\n<li>col rond avec manches courtes<\/li>\n<li>une double couture sur le cou, les manches et le bas<\/li>\n<li>une coupe tubulaire<\/li>\n<li>sans coutures lat\u00e9rales<\/li>\n<li>une bande de propret\u00e9<\/li>\n<li>particuli\u00e8rement agr\u00e9able \u00e0 porter pendant les grosses chaleurs<\/li>\n<li>lavage \u00e0 40\u00b0 maximum<\/li>\n<\/ul>\n","protected":false},"excerpt":{"rendered":"<p>T-shirt homme classique l&rsquo;atelier du 26<\/p>\n<p>&nbsp;<\/p>\n","protected":false},"featured_media":7352,"comment_status":"open","ping_status":"closed","template":"","meta":[],"product_brand":[],"product_cat":[36],"product_tag":[57],"class_list":{"0":"post-7327","1":"product","2":"type-product","3":"status-publish","4":"has-post-thumbnail","6":"product_cat-latelier-du-26","7":"product_tag-26-workers","9":"first","10":"instock","11":"shipping-taxable","12":"purchasable","13":"product-type-variable"},"jetpack_sharing_enabled":true,"_links":{"self":[{"href":"https:\/\/thombd.fr\/index.php?rest_route=\/wp\/v2\/product\/7327","targetHints":{"allow":["GET"]}}],"collection":[{"href":"https:\/\/thombd.fr\/index.php?rest_route=\/wp\/v2\/product"}],"about":[{"href":"https:\/\/thombd.fr\/index.php?rest_route=\/wp\/v2\/types\/product"}],"replies":[{"embeddable":true,"href":"https:\/\/thombd.fr\/index.php?rest_route=%2Fwp%2Fv2%2Fcomments&post=7327"}],"wp:featuredmedia":[{"embeddable":true,"href":"https:\/\/thombd.fr\/index.php?rest_route=\/wp\/v2\/media\/7352"}],"wp:attachment":[{"href":"https:\/\/thombd.fr\/index.php?rest_route=%2Fwp%2Fv2%2Fmedia&parent=7327"}],"wp:term":[{"taxonomy":"product_brand","embeddable":true,"href":"https:\/\/thombd.fr\/index.php?rest_route=%2Fwp%2Fv2%2Fproduct_brand&post=7327"},{"taxonomy":"product_cat","embeddable":true,"href":"https:\/\/thombd.fr\/index.php?rest_route=%2Fwp%2Fv2%2Fproduct_cat&post=7327"},{"taxonomy":"product_tag","embeddable":true,"href":"https:\/\/thombd.fr\/index.php?rest_route=%2Fwp%2Fv2%2Fproduct_tag&post=7327"}],"curies":[{"name":"wp","href":"https:\/\/api.w.org\/{rel}","templated":true}]}}