{"id":7320,"date":"2023-06-19T06:08:25","date_gmt":"2023-06-19T04:08:25","guid":{"rendered":"https:\/\/thombd.fr\/?post_type=product&#038;p=7320"},"modified":"2023-06-19T14:47:02","modified_gmt":"2023-06-19T12:47:02","slug":"t-shirt-femme-classique","status":"publish","type":"product","link":"https:\/\/thombd.fr\/?product=t-shirt-femme-classique","title":{"rendered":"T-shirt Femme Classique"},"content":{"rendered":"<ul>\n<li>100% coton semi-peign\u00e9;<\/li>\n<li>grammage de 150 g\/m\u00b2<\/li>\n<li>un mod\u00e8le confortable<\/li>\n<li>col ras du cou, avec bande de <span title=\"\" data-toggle=\"tooltip\" data-placement=\"right\" data-original-title=\"Fibres r\u00e9colt\u00e9es au sein des gousses de cotonnier. Elles mesurent entre 5 et 10 cm de long et peuvent \u00eatre fil\u00e9es en fils, lesquels sont ensuite tiss\u00e9s dans des tissus en coton.\">coton<\/span><\/li>\n<li>\u00e0\u00a0<span title=\"\" data-toggle=\"tooltip\" data-placement=\"right\" data-original-title=\"V\u00eatement avec un col arrondi, plut\u00f4t ample. \">col rond<\/span><\/li>\n<li>avec coutures lat\u00e9rales<\/li>\n<li>coutures doubles sur les manches et le bas<\/li>\n<li>laver en machine \u00e0 30 \u00b0<\/li>\n<\/ul>\n","protected":false},"excerpt":{"rendered":"<p>T-shirt femme classique l&rsquo;atelier du 26<\/p>\n<p>&nbsp;<\/p>\n","protected":false},"featured_media":7350,"comment_status":"open","ping_status":"closed","template":"","meta":[],"product_brand":[],"product_cat":[36],"product_tag":[57],"class_list":{"0":"post-7320","1":"product","2":"type-product","3":"status-publish","4":"has-post-thumbnail","6":"product_cat-latelier-du-26","7":"product_tag-26-workers","9":"first","10":"instock","11":"shipping-taxable","12":"purchasable","13":"product-type-variable"},"jetpack_sharing_enabled":true,"_links":{"self":[{"href":"https:\/\/thombd.fr\/index.php?rest_route=\/wp\/v2\/product\/7320","targetHints":{"allow":["GET"]}}],"collection":[{"href":"https:\/\/thombd.fr\/index.php?rest_route=\/wp\/v2\/product"}],"about":[{"href":"https:\/\/thombd.fr\/index.php?rest_route=\/wp\/v2\/types\/product"}],"replies":[{"embeddable":true,"href":"https:\/\/thombd.fr\/index.php?rest_route=%2Fwp%2Fv2%2Fcomments&post=7320"}],"wp:featuredmedia":[{"embeddable":true,"href":"https:\/\/thombd.fr\/index.php?rest_route=\/wp\/v2\/media\/7350"}],"wp:attachment":[{"href":"https:\/\/thombd.fr\/index.php?rest_route=%2Fwp%2Fv2%2Fmedia&parent=7320"}],"wp:term":[{"taxonomy":"product_brand","embeddable":true,"href":"https:\/\/thombd.fr\/index.php?rest_route=%2Fwp%2Fv2%2Fproduct_brand&post=7320"},{"taxonomy":"product_cat","embeddable":true,"href":"https:\/\/thombd.fr\/index.php?rest_route=%2Fwp%2Fv2%2Fproduct_cat&post=7320"},{"taxonomy":"product_tag","embeddable":true,"href":"https:\/\/thombd.fr\/index.php?rest_route=%2Fwp%2Fv2%2Fproduct_tag&post=7320"}],"curies":[{"name":"wp","href":"https:\/\/api.w.org\/{rel}","templated":true}]}}