{"id":7296,"date":"2023-06-19T05:33:58","date_gmt":"2023-06-19T03:33:58","guid":{"rendered":"https:\/\/thombd.fr\/?post_type=product&#038;p=7296"},"modified":"2023-06-19T05:42:27","modified_gmt":"2023-06-19T03:42:27","slug":"cours-dinformatique-en-ligne","status":"publish","type":"product","link":"https:\/\/thombd.fr\/?product=cours-dinformatique-en-ligne","title":{"rendered":"Cours d&rsquo;informatique en ligne"},"content":{"rendered":"<p><strong>Abonnement d&rsquo;un an aux cours d&rsquo;informatique en ligne.<\/strong><\/p>\n<p><strong>Le pack comprend:<\/strong><\/p>\n<ul>\n<li>Les fiches de cours<\/li>\n<li>Les vid\u00e9os<\/li>\n<li>Les jeux (mots crois\u00e9s, mots cach\u00e9s, etc&#8230;)<\/li>\n<li>Les Quizz de connaissance et culture<\/li>\n<li>L&rsquo;acc\u00e8s au forum et aux petites annonces<\/li>\n<li>La notification des nouveaux cours en temps r\u00e9el<\/li>\n<li>3 Prises en main \u00e0 distance avec assistance t\u00e9l\u00e9phonique<\/li>\n<li><span style=\"color: #ff0000;\">Une clef USB de 8 Go<\/span><\/li>\n<\/ul>\n","protected":false},"excerpt":{"rendered":"<p>Si vous souhaitez d\u00e9buter\/continuer les cours d&rsquo;informatique sans avoir \u00e0 vous rendre en salle de cours, ce pack est fait pour vous !<\/p>\n<p>C&rsquo;est un abonnement de 12 mois aux cours via ce site web.<\/p>\n<p>Description du pack ci-dessous !<\/p>\n","protected":false},"featured_media":7312,"comment_status":"open","ping_status":"closed","template":"","meta":[],"product_brand":[],"product_cat":[33],"product_tag":[],"class_list":{"0":"post-7296","1":"product","2":"type-product","3":"status-publish","4":"has-post-thumbnail","6":"product_cat-informatique","8":"first","9":"instock","10":"shipping-taxable","11":"purchasable","12":"product-type-simple"},"jetpack_sharing_enabled":true,"_links":{"self":[{"href":"https:\/\/thombd.fr\/index.php?rest_route=\/wp\/v2\/product\/7296","targetHints":{"allow":["GET"]}}],"collection":[{"href":"https:\/\/thombd.fr\/index.php?rest_route=\/wp\/v2\/product"}],"about":[{"href":"https:\/\/thombd.fr\/index.php?rest_route=\/wp\/v2\/types\/product"}],"replies":[{"embeddable":true,"href":"https:\/\/thombd.fr\/index.php?rest_route=%2Fwp%2Fv2%2Fcomments&post=7296"}],"wp:featuredmedia":[{"embeddable":true,"href":"https:\/\/thombd.fr\/index.php?rest_route=\/wp\/v2\/media\/7312"}],"wp:attachment":[{"href":"https:\/\/thombd.fr\/index.php?rest_route=%2Fwp%2Fv2%2Fmedia&parent=7296"}],"wp:term":[{"taxonomy":"product_brand","embeddable":true,"href":"https:\/\/thombd.fr\/index.php?rest_route=%2Fwp%2Fv2%2Fproduct_brand&post=7296"},{"taxonomy":"product_cat","embeddable":true,"href":"https:\/\/thombd.fr\/index.php?rest_route=%2Fwp%2Fv2%2Fproduct_cat&post=7296"},{"taxonomy":"product_tag","embeddable":true,"href":"https:\/\/thombd.fr\/index.php?rest_route=%2Fwp%2Fv2%2Fproduct_tag&post=7296"}],"curies":[{"name":"wp","href":"https:\/\/api.w.org\/{rel}","templated":true}]}}