{"id":9283,"date":"2024-06-01T02:23:19","date_gmt":"2024-06-01T00:23:19","guid":{"rendered":"https:\/\/thombd.fr\/?page_id=9283"},"modified":"2024-06-06T18:05:13","modified_gmt":"2024-06-06T16:05:13","slug":"conditions-generales-de-vente","status":"publish","type":"page","link":"https:\/\/thombd.fr\/?page_id=9283","title":{"rendered":"Conditions g\u00e9n\u00e9rales de vente"},"content":{"rendered":"\n<p class=\"has-text-align-left has-small-font-size\"><strong>1. Pr\u00e9sentation de l&rsquo;entreprise<\/strong><br>Nom de l&rsquo;entreprise : Thom BD<br>Adresse : 50 Rue Pasteur 89400 CHENY<br>T\u00e9l\u00e9phone : 07 66 36 56 51<br>E-mail : contact@thombd.fr<br>Num\u00e9ro SIRET : 888 657 210 00017<br>Responsable : Thomas DELILLE<\/p>\n\n\n\n<p class=\"has-text-align-left has-small-font-size\"><strong>2. Objet et conditions de vente<\/strong><br>Les pr\u00e9sentes conditions g\u00e9n\u00e9rales de vente (CGV) r\u00e9gissent les relations contractuelles entre Thom BD et son client, les deux parties les acceptant sans r\u00e9serve. Elles s&rsquo;appliquent \u00e0 toutes les ventes de biens et de services effectu\u00e9es par Thom BD.<\/p>\n\n\n\n<p class=\"has-text-align-left has-small-font-size\"><strong>3. Caract\u00e9ristiques des biens et services<\/strong><br>Les biens et services offerts par Thom BD sont d\u00e9crits avec pr\u00e9cision dans les documents commerciaux et sur le site internet de l&rsquo;entreprise. Chaque produit ou service inclut des d\u00e9tails sur sa composition, son mode de fabrication, ainsi que ses caract\u00e9ristiques essentielles.<\/p>\n\n\n\n<p class=\"has-text-align-left has-small-font-size\"><strong>4. Prix et mode de calcul<\/strong><br>Les prix des produits et services sont indiqu\u00e9s en euros, hors taxes (l\u2019entreprise n\u2019est pas soumise \u00e0 la TVA). Le mode de calcul des prix est d\u00e9taill\u00e9 dans les documents commerciaux, incluant les bar\u00e8mes des prix unitaires et les \u00e9ventuels rabais et ristournes appliqu\u00e9s. Thom BD se r\u00e9serve le droit de modifier ses prix \u00e0 tout moment, mais les produits et services seront factur\u00e9s sur la base des tarifs en vigueur au moment de l&rsquo;enregistrement de la commande.<\/p>\n\n\n\n<p class=\"has-text-align-left has-small-font-size\"><strong>5. Date de paiement et d\u00e9lai de paiement<\/strong><br>La date de paiement est applicable d\u00e8s l&rsquo;\u00e9mission de la facture. Le paiement est exigible au plus tard 30 jours apr\u00e8s la livraison des biens ou services. En cas de retard de paiement, des p\u00e9nalit\u00e9s de retard de 40 euros par mois seront appliqu\u00e9es apr\u00e8s une premi\u00e8re relance.<\/p>\n\n\n\n<p class=\"has-text-align-left has-small-font-size\"><strong>6. D\u00e9lai de r\u00e9tractation<\/strong><br>Conform\u00e9ment \u00e0 la loi, le client dispose d&rsquo;un d\u00e9lai de 14 jours \u00e0 compter de la r\u00e9ception des produits pour exercer son droit de r\u00e9tractation sans avoir \u00e0 justifier de motifs ni \u00e0 payer de p\u00e9nalit\u00e9s, \u00e0 l&rsquo;exception des frais de retour qui restent \u00e0 sa charge. Les produits doivent \u00eatre retourn\u00e9s en parfait \u00e9tat, accompagn\u00e9s de tous les accessoires et documents.<\/p>\n\n\n\n<p class=\"has-text-align-left has-small-font-size\"><strong>7. Modalit\u00e9s de r\u00e8glement<\/strong><br>Le r\u00e8glement des commandes peut s&rsquo;effectuer par ch\u00e8que, esp\u00e8ces, carte bleue, virement bancaire ou liquide. Un acompte de 30% sera exig\u00e9 \u00e0 la signature du devis ou \u00e0 une date ult\u00e9rieure convenue entre les parties correspondant au d\u00e9but des travaux puis un second acompte de 30% \u00e0 environ 50% de l&rsquo;avancement des travaux.<\/p>\n\n\n\n<p class=\"has-text-align-left has-small-font-size\"><strong>8. Clause de r\u00e9serve de propri\u00e9t\u00e9<\/strong><br>Thom BD reste propri\u00e9taire des biens vendus jusqu&rsquo;au r\u00e8glement int\u00e9gral de leur prix. En cas de non-paiement, Thom BD pourra revendiquer la propri\u00e9t\u00e9 des biens vendus et en exiger la restitution aux frais du client.<\/p>\n\n\n\n<p class=\"has-text-align-left has-small-font-size\"><strong>9. Cons\u00e9quences des retards de paiement<\/strong><br>En cas de retard de paiement, Thom BD se r\u00e9serve le droit d&rsquo;annuler les commandes en cours, de suspendre les livraisons et de r\u00e9clamer des p\u00e9nalit\u00e9s de retard de 40 euros par mois. Des dommages et int\u00e9r\u00eats peuvent \u00e9galement \u00eatre exig\u00e9s en cas de pr\u00e9judice subi.<\/p>\n\n\n\n<p class=\"has-text-align-left has-small-font-size\"><strong>10. Clause r\u00e9solutoire<\/strong><br>En cas de non-respect par le client de l&rsquo;une des obligations pr\u00e9vues, le contrat sera r\u00e9sili\u00e9 de plein droit et sans formalit\u00e9 suppl\u00e9mentaire, apr\u00e8s une mise en demeure rest\u00e9e sans effet pendant un d\u00e9lai de 8 jours. Les sommes vers\u00e9es par le client resteront acquises \u00e0 Thom BD \u00e0 titre de dommages et int\u00e9r\u00eats.<\/p>\n\n\n\n<p class=\"has-text-align-left has-small-font-size\"><strong>11. Limitation de responsabilit\u00e9<\/strong><br>La responsabilit\u00e9 de Thom BD ne pourra \u00eatre engag\u00e9e en cas de retard ou de non livraison d\u00fb \u00e0 un cas de force majeure tel que d\u00e9fini par la jurisprudence fran\u00e7aise (ex : pand\u00e9mie de Covid-19). En tout \u00e9tat de cause, la responsabilit\u00e9 de Thom BD sera limit\u00e9e au montant de la commande.<\/p>\n\n\n\n<p class=\"has-text-align-left has-small-font-size\"><strong>12. Modes de livraison et d\u00e9lais indicatifs<\/strong><br>Les produits peuvent \u00eatre livr\u00e9s soit par remise en main propre, soit par transporteur. Les d\u00e9lais de livraison sont donn\u00e9s \u00e0 titre indicatif et varient entre 2 \u00e0 15 jours ouvr\u00e9s, hors produits ou demandes sp\u00e9cifiques. Thom BD ne pourra \u00eatre tenue pour responsable des retards de livraison imputables au transporteur.<\/p>\n\n\n\n<p class=\"has-text-align-left has-small-font-size\"><strong>13. Clause attributive de juridiction<\/strong><br>Les pr\u00e9sentes conditions g\u00e9n\u00e9rales de vente sont soumises \u00e0 la loi fran\u00e7aise. En cas de litige, comp\u00e9tence est attribu\u00e9e aux tribunaux comp\u00e9tents de Sens &amp; Auxerre, m\u00eame en cas de pluralit\u00e9 de d\u00e9fendeurs ou d&rsquo;appel en garantie.<\/p>\n","protected":false},"excerpt":{"rendered":"<p>1. Pr\u00e9sentation de l&rsquo;entrepriseNom de l&rsquo;entreprise : Thom BDAdresse : 50 Rue Pasteur 89400 CHENYT\u00e9l\u00e9phone : 07 66 36 56 51E-mail : contact@thombd.frNum\u00e9ro SIRET : 888 657 210 00017Responsable : Thomas DELILLE 2. Objet et conditions de venteLes pr\u00e9sentes conditions g\u00e9n\u00e9rales de vente (CGV) r\u00e9gissent les relations contractuelles entre Thom BD et son client, les [&hellip;]<\/p>\n","protected":false},"author":1,"featured_media":0,"parent":0,"menu_order":0,"comment_status":"closed","ping_status":"closed","template":"","meta":{"footnotes":""},"class_list":["post-9283","page","type-page","status-publish","hentry"],"jetpack_sharing_enabled":true,"_links":{"self":[{"href":"https:\/\/thombd.fr\/index.php?rest_route=\/wp\/v2\/pages\/9283","targetHints":{"allow":["GET"]}}],"collection":[{"href":"https:\/\/thombd.fr\/index.php?rest_route=\/wp\/v2\/pages"}],"about":[{"href":"https:\/\/thombd.fr\/index.php?rest_route=\/wp\/v2\/types\/page"}],"author":[{"embeddable":true,"href":"https:\/\/thombd.fr\/index.php?rest_route=\/wp\/v2\/users\/1"}],"replies":[{"embeddable":true,"href":"https:\/\/thombd.fr\/index.php?rest_route=%2Fwp%2Fv2%2Fcomments&post=9283"}],"version-history":[{"count":4,"href":"https:\/\/thombd.fr\/index.php?rest_route=\/wp\/v2\/pages\/9283\/revisions"}],"predecessor-version":[{"id":9295,"href":"https:\/\/thombd.fr\/index.php?rest_route=\/wp\/v2\/pages\/9283\/revisions\/9295"}],"wp:attachment":[{"href":"https:\/\/thombd.fr\/index.php?rest_route=%2Fwp%2Fv2%2Fmedia&parent=9283"}],"curies":[{"name":"wp","href":"https:\/\/api.w.org\/{rel}","templated":true}]}}