{"id":8932,"date":"2023-06-19T21:46:54","date_gmt":"2023-06-19T19:46:54","guid":{"rendered":"https:\/\/thombd.fr\/?page_id=8932"},"modified":"2024-10-05T05:10:34","modified_gmt":"2024-10-05T03:10:34","slug":"les-partenaires-et-soutiens","status":"publish","type":"page","link":"https:\/\/thombd.fr\/?page_id=8932","title":{"rendered":"Partenaires"},"content":{"rendered":"\n<blockquote class=\"wp-block-quote has-text-align-center is-style-plain is-layout-flow wp-block-quote-is-layout-flow\">\n<p>Quelques partenaires de travail et clients qui me suivent, m&rsquo;accompagnent, me soutiennent et m&rsquo;aide dans divers projets et m\u00eame dans les id\u00e9es les plus farfelues ou tout simplement me font confiance dans la r\u00e9alisation de leurs projets.  Un plaisir de bosser tous ensemble et d&rsquo;\u00eatre \u00e9paul\u00e9 dans toutes ces id\u00e9es qui sont d\u00e9velopp\u00e9es au sein de mon entreprise ainsi que pour vos demandes de r\u00e9alisation sur mesure !<\/p>\n<\/blockquote>\n\n\n\n<p><\/p>\n\n\n\n<h2 class=\"wp-block-heading\"><\/h2>\n\n\n\n<p><\/p>\n\n\n\n<div class=\"wp-block-columns is-layout-flex wp-container-core-columns-is-layout-28f84493 wp-block-columns-is-layout-flex\">\n<div class=\"wp-block-column is-layout-flow wp-block-column-is-layout-flow\"><div class=\"wp-block-image\">\n<figure class=\"aligncenter size-full\"><img loading=\"lazy\" decoding=\"async\" width=\"300\" height=\"145\" src=\"https:\/\/thombd.fr\/wp-content\/uploads\/2023\/06\/logo-BV-300x145-1.png\" alt=\"\" class=\"wp-image-8937\"\/><\/figure>\n<\/div>\n\n\n<hr class=\"wp-block-separator has-alpha-channel-opacity\"\/>\n<\/div>\n\n\n\n<div class=\"wp-block-column is-layout-flow wp-block-column-is-layout-flow\"><div class=\"wp-block-image\">\n<figure class=\"aligncenter size-full\"><img loading=\"lazy\" decoding=\"async\" width=\"460\" height=\"300\" src=\"https:\/\/thombd.fr\/wp-content\/uploads\/2023\/06\/Yvan-460x300-1.png\" alt=\"\" class=\"wp-image-8936\" srcset=\"https:\/\/thombd.fr\/wp-content\/uploads\/2023\/06\/Yvan-460x300-1.png 460w, https:\/\/thombd.fr\/wp-content\/uploads\/2023\/06\/Yvan-460x300-1-300x196.png 300w, https:\/\/thombd.fr\/wp-content\/uploads\/2023\/06\/Yvan-460x300-1-416x271.png 416w\" sizes=\"auto, (max-width: 460px) 100vw, 460px\" \/><\/figure>\n<\/div>\n\n\n<hr class=\"wp-block-separator has-alpha-channel-opacity\"\/>\n<\/div>\n\n\n\n<div class=\"wp-block-column is-layout-flow wp-block-column-is-layout-flow\"><div class=\"wp-block-image is-style-default\">\n<figure class=\"aligncenter size-full\"><img loading=\"lazy\" decoding=\"async\" width=\"600\" height=\"236\" src=\"https:\/\/thombd.fr\/wp-content\/uploads\/2023\/06\/Allex-Web-600x236-1.png\" alt=\"\" class=\"wp-image-8934\" srcset=\"https:\/\/thombd.fr\/wp-content\/uploads\/2023\/06\/Allex-Web-600x236-1.png 600w, https:\/\/thombd.fr\/wp-content\/uploads\/2023\/06\/Allex-Web-600x236-1-300x118.png 300w, https:\/\/thombd.fr\/wp-content\/uploads\/2023\/06\/Allex-Web-600x236-1-416x164.png 416w\" sizes=\"auto, (max-width: 600px) 100vw, 600px\" \/><\/figure>\n<\/div>\n\n\n<hr class=\"wp-block-separator has-alpha-channel-opacity\"\/>\n<\/div>\n\n\n\n<div class=\"wp-block-column is-layout-flow wp-block-column-is-layout-flow\"><div class=\"wp-block-image\">\n<figure class=\"aligncenter size-full\"><img loading=\"lazy\" decoding=\"async\" width=\"1148\" height=\"310\" src=\"https:\/\/thombd.fr\/wp-content\/uploads\/2024\/10\/logo.webp\" alt=\"\" class=\"wp-image-9370\" srcset=\"https:\/\/thombd.fr\/wp-content\/uploads\/2024\/10\/logo.webp 1148w, https:\/\/thombd.fr\/wp-content\/uploads\/2024\/10\/logo-300x81.webp 300w, https:\/\/thombd.fr\/wp-content\/uploads\/2024\/10\/logo-1024x277.webp 1024w, https:\/\/thombd.fr\/wp-content\/uploads\/2024\/10\/logo-768x207.webp 768w, https:\/\/thombd.fr\/wp-content\/uploads\/2024\/10\/logo-416x112.webp 416w\" sizes=\"auto, (max-width: 1148px) 100vw, 1148px\" \/><\/figure>\n<\/div><\/div>\n<\/div>\n\n\n\n<div class=\"wp-block-columns is-layout-flex wp-container-core-columns-is-layout-28f84493 wp-block-columns-is-layout-flex\">\n<div class=\"wp-block-column is-layout-flow wp-block-column-is-layout-flow\">\n<hr class=\"wp-block-separator has-alpha-channel-opacity\"\/>\n\n\n<div class=\"wp-block-image\">\n<figure class=\"aligncenter size-full\"><a href=\"https:\/\/www.auxal.fr\/\"><img loading=\"lazy\" decoding=\"async\" width=\"210\" height=\"63\" src=\"https:\/\/thombd.fr\/wp-content\/uploads\/2024\/10\/logo-auxal.webp\" alt=\"\" class=\"wp-image-9361\"\/><\/a><\/figure>\n<\/div><\/div>\n\n\n\n<div class=\"wp-block-column is-layout-flow wp-block-column-is-layout-flow\">\n<hr class=\"wp-block-separator has-alpha-channel-opacity\"\/>\n\n\n<div class=\"wp-block-image\">\n<figure class=\"aligncenter size-large\"><a href=\"https:\/\/locnettoyage.fr\/\"><img loading=\"lazy\" decoding=\"async\" width=\"1024\" height=\"389\" src=\"https:\/\/thombd.fr\/wp-content\/uploads\/2024\/10\/Logo-1024x389.png\" alt=\"\" class=\"wp-image-9356\" srcset=\"https:\/\/thombd.fr\/wp-content\/uploads\/2024\/10\/Logo-1024x389.png 1024w, https:\/\/thombd.fr\/wp-content\/uploads\/2024\/10\/Logo-300x114.png 300w, https:\/\/thombd.fr\/wp-content\/uploads\/2024\/10\/Logo-768x292.png 768w, https:\/\/thombd.fr\/wp-content\/uploads\/2024\/10\/Logo-1536x584.png 1536w, https:\/\/thombd.fr\/wp-content\/uploads\/2024\/10\/Logo-2048x779.png 2048w, https:\/\/thombd.fr\/wp-content\/uploads\/2024\/10\/Logo-416x158.png 416w\" sizes=\"auto, (max-width: 1024px) 100vw, 1024px\" \/><\/a><\/figure>\n<\/div><\/div>\n\n\n\n<div class=\"wp-block-column is-layout-flow wp-block-column-is-layout-flow\">\n<hr class=\"wp-block-separator has-alpha-channel-opacity\"\/>\n\n\n<div class=\"wp-block-image\">\n<figure class=\"aligncenter size-large\"><img loading=\"lazy\" decoding=\"async\" width=\"1024\" height=\"522\" src=\"https:\/\/thombd.fr\/wp-content\/uploads\/2024\/10\/3-1024x522.png\" alt=\"\" class=\"wp-image-9363\" srcset=\"https:\/\/thombd.fr\/wp-content\/uploads\/2024\/10\/3-1024x522.png 1024w, https:\/\/thombd.fr\/wp-content\/uploads\/2024\/10\/3-300x153.png 300w, https:\/\/thombd.fr\/wp-content\/uploads\/2024\/10\/3-768x392.png 768w, https:\/\/thombd.fr\/wp-content\/uploads\/2024\/10\/3-416x212.png 416w, https:\/\/thombd.fr\/wp-content\/uploads\/2024\/10\/3.png 1300w\" sizes=\"auto, (max-width: 1024px) 100vw, 1024px\" \/><\/figure>\n<\/div><\/div>\n\n\n\n<div class=\"wp-block-column is-layout-flow wp-block-column-is-layout-flow\"><div class=\"wp-block-image\">\n<figure class=\"aligncenter size-full\"><img loading=\"lazy\" decoding=\"async\" width=\"300\" height=\"169\" src=\"https:\/\/thombd.fr\/wp-content\/uploads\/2023\/06\/printoclock-300x169-1.jpg\" alt=\"\" class=\"wp-image-8933\"\/><\/figure>\n<\/div><\/div>\n<\/div>\n\n\n\n<div class=\"wp-block-columns is-layout-flex wp-container-core-columns-is-layout-28f84493 wp-block-columns-is-layout-flex\">\n<div class=\"wp-block-column is-layout-flow wp-block-column-is-layout-flow\"><div class=\"wp-block-image\">\n<figure class=\"aligncenter size-medium\"><img loading=\"lazy\" decoding=\"async\" width=\"201\" height=\"300\" src=\"https:\/\/thombd.fr\/wp-content\/uploads\/2024\/10\/Factures-201x300.png\" alt=\"\" class=\"wp-image-9360\" srcset=\"https:\/\/thombd.fr\/wp-content\/uploads\/2024\/10\/Factures-201x300.png 201w, https:\/\/thombd.fr\/wp-content\/uploads\/2024\/10\/Factures.png 335w\" sizes=\"auto, (max-width: 201px) 100vw, 201px\" \/><\/figure>\n<\/div><\/div>\n\n\n\n<div class=\"wp-block-column is-layout-flow wp-block-column-is-layout-flow\"><div class=\"wp-block-image\">\n<figure class=\"aligncenter size-large\"><img loading=\"lazy\" decoding=\"async\" width=\"887\" height=\"1024\" src=\"https:\/\/thombd.fr\/wp-content\/uploads\/2024\/10\/Logo-les-chroniques-clair-sans-fond-887x1024.png\" alt=\"\" class=\"wp-image-9367\" srcset=\"https:\/\/thombd.fr\/wp-content\/uploads\/2024\/10\/Logo-les-chroniques-clair-sans-fond-887x1024.png 887w, https:\/\/thombd.fr\/wp-content\/uploads\/2024\/10\/Logo-les-chroniques-clair-sans-fond-260x300.png 260w, https:\/\/thombd.fr\/wp-content\/uploads\/2024\/10\/Logo-les-chroniques-clair-sans-fond-768x886.png 768w, https:\/\/thombd.fr\/wp-content\/uploads\/2024\/10\/Logo-les-chroniques-clair-sans-fond-1331x1536.png 1331w, https:\/\/thombd.fr\/wp-content\/uploads\/2024\/10\/Logo-les-chroniques-clair-sans-fond-1774x2048.png 1774w, https:\/\/thombd.fr\/wp-content\/uploads\/2024\/10\/Logo-les-chroniques-clair-sans-fond-416x480.png 416w\" sizes=\"auto, (max-width: 887px) 100vw, 887px\" \/><\/figure>\n<\/div><\/div>\n\n\n\n<div class=\"wp-block-column is-layout-flow wp-block-column-is-layout-flow\"><div class=\"wp-block-image\">\n<figure class=\"alignright size-medium\"><img loading=\"lazy\" decoding=\"async\" width=\"253\" height=\"300\" src=\"https:\/\/thombd.fr\/wp-content\/uploads\/2023\/06\/Logo-26-final-01-03-2023-e1687223163116-253x300.png\" alt=\"\" class=\"wp-image-8990\" srcset=\"https:\/\/thombd.fr\/wp-content\/uploads\/2023\/06\/Logo-26-final-01-03-2023-e1687223163116-253x300.png 253w, https:\/\/thombd.fr\/wp-content\/uploads\/2023\/06\/Logo-26-final-01-03-2023-e1687223163116-416x493.png 416w, https:\/\/thombd.fr\/wp-content\/uploads\/2023\/06\/Logo-26-final-01-03-2023-e1687223163116.png 422w\" sizes=\"auto, (max-width: 253px) 100vw, 253px\" \/><\/figure>\n<\/div><\/div>\n\n\n\n<div class=\"wp-block-column is-layout-flow wp-block-column-is-layout-flow\"><div class=\"wp-block-image\">\n<figure class=\"aligncenter size-large\"><img loading=\"lazy\" decoding=\"async\" width=\"861\" height=\"1024\" src=\"https:\/\/thombd.fr\/wp-content\/uploads\/2024\/10\/Logo-les-Autos-du-26-861x1024.png\" alt=\"\" class=\"wp-image-9368\" srcset=\"https:\/\/thombd.fr\/wp-content\/uploads\/2024\/10\/Logo-les-Autos-du-26-861x1024.png 861w, https:\/\/thombd.fr\/wp-content\/uploads\/2024\/10\/Logo-les-Autos-du-26-252x300.png 252w, https:\/\/thombd.fr\/wp-content\/uploads\/2024\/10\/Logo-les-Autos-du-26-768x913.png 768w, https:\/\/thombd.fr\/wp-content\/uploads\/2024\/10\/Logo-les-Autos-du-26-1292x1536.png 1292w, https:\/\/thombd.fr\/wp-content\/uploads\/2024\/10\/Logo-les-Autos-du-26-1722x2048.png 1722w, https:\/\/thombd.fr\/wp-content\/uploads\/2024\/10\/Logo-les-Autos-du-26-416x495.png 416w\" sizes=\"auto, (max-width: 861px) 100vw, 861px\" \/><\/figure>\n<\/div><\/div>\n<\/div>\n\n\n\n<div class=\"wp-block-columns is-layout-flex wp-container-core-columns-is-layout-28f84493 wp-block-columns-is-layout-flex\">\n<div class=\"wp-block-column is-layout-flow wp-block-column-is-layout-flow\"><div class=\"wp-block-image\">\n<figure class=\"aligncenter size-large\"><img loading=\"lazy\" decoding=\"async\" width=\"1024\" height=\"768\" src=\"https:\/\/thombd.fr\/wp-content\/uploads\/2024\/10\/pour-vecto-1-1024x768.png\" alt=\"\" class=\"wp-image-9365\" srcset=\"https:\/\/thombd.fr\/wp-content\/uploads\/2024\/10\/pour-vecto-1-1024x768.png 1024w, https:\/\/thombd.fr\/wp-content\/uploads\/2024\/10\/pour-vecto-1-300x225.png 300w, https:\/\/thombd.fr\/wp-content\/uploads\/2024\/10\/pour-vecto-1-768x576.png 768w, https:\/\/thombd.fr\/wp-content\/uploads\/2024\/10\/pour-vecto-1-1536x1152.png 1536w, https:\/\/thombd.fr\/wp-content\/uploads\/2024\/10\/pour-vecto-1-2048x1536.png 2048w, https:\/\/thombd.fr\/wp-content\/uploads\/2024\/10\/pour-vecto-1-416x312.png 416w\" sizes=\"auto, (max-width: 1024px) 100vw, 1024px\" \/><\/figure>\n<\/div><\/div>\n\n\n\n<div class=\"wp-block-column is-layout-flow wp-block-column-is-layout-flow\"><div class=\"wp-block-image\">\n<figure class=\"aligncenter size-full\"><img loading=\"lazy\" decoding=\"async\" width=\"1000\" height=\"1000\" src=\"https:\/\/thombd.fr\/wp-content\/uploads\/2023\/06\/Logo-insta-blanc.png\" alt=\"\" class=\"wp-image-8939\" srcset=\"https:\/\/thombd.fr\/wp-content\/uploads\/2023\/06\/Logo-insta-blanc.png 1000w, https:\/\/thombd.fr\/wp-content\/uploads\/2023\/06\/Logo-insta-blanc-300x300.png 300w, https:\/\/thombd.fr\/wp-content\/uploads\/2023\/06\/Logo-insta-blanc-150x150.png 150w, https:\/\/thombd.fr\/wp-content\/uploads\/2023\/06\/Logo-insta-blanc-768x768.png 768w, https:\/\/thombd.fr\/wp-content\/uploads\/2023\/06\/Logo-insta-blanc-324x324.png 324w, https:\/\/thombd.fr\/wp-content\/uploads\/2023\/06\/Logo-insta-blanc-416x416.png 416w, https:\/\/thombd.fr\/wp-content\/uploads\/2023\/06\/Logo-insta-blanc-100x100.png 100w\" sizes=\"auto, (max-width: 1000px) 100vw, 1000px\" \/><\/figure>\n<\/div><\/div>\n\n\n\n<div class=\"wp-block-column is-layout-flow wp-block-column-is-layout-flow\"><div class=\"wp-block-image\">\n<figure class=\"aligncenter size-full\"><img loading=\"lazy\" decoding=\"async\" width=\"591\" height=\"536\" src=\"https:\/\/thombd.fr\/wp-content\/uploads\/2024\/10\/notaire-de-fance-seeklogo.png\" alt=\"\" class=\"wp-image-9366\" srcset=\"https:\/\/thombd.fr\/wp-content\/uploads\/2024\/10\/notaire-de-fance-seeklogo.png 591w, https:\/\/thombd.fr\/wp-content\/uploads\/2024\/10\/notaire-de-fance-seeklogo-300x272.png 300w, https:\/\/thombd.fr\/wp-content\/uploads\/2024\/10\/notaire-de-fance-seeklogo-416x377.png 416w\" sizes=\"auto, (max-width: 591px) 100vw, 591px\" \/><\/figure>\n<\/div><\/div>\n\n\n\n<div class=\"wp-block-column is-layout-flow wp-block-column-is-layout-flow\"><div class=\"wp-block-image\">\n<figure class=\"aligncenter size-full\"><img loading=\"lazy\" decoding=\"async\" width=\"565\" height=\"605\" src=\"https:\/\/thombd.fr\/wp-content\/uploads\/2024\/10\/Capture-decran-2024-10-05-045242.png\" alt=\"\" class=\"wp-image-9369\" srcset=\"https:\/\/thombd.fr\/wp-content\/uploads\/2024\/10\/Capture-decran-2024-10-05-045242.png 565w, https:\/\/thombd.fr\/wp-content\/uploads\/2024\/10\/Capture-decran-2024-10-05-045242-280x300.png 280w, https:\/\/thombd.fr\/wp-content\/uploads\/2024\/10\/Capture-decran-2024-10-05-045242-416x445.png 416w\" sizes=\"auto, (max-width: 565px) 100vw, 565px\" \/><\/figure>\n<\/div><\/div>\n<\/div>\n\n\n\n<div class=\"wp-block-columns is-layout-flex wp-container-core-columns-is-layout-28f84493 wp-block-columns-is-layout-flex\">\n<div class=\"wp-block-column is-layout-flow wp-block-column-is-layout-flow\"><\/div>\n\n\n\n<div class=\"wp-block-column is-layout-flow wp-block-column-is-layout-flow\"><div class=\"wp-block-image\">\n<figure class=\"aligncenter size-large\"><img loading=\"lazy\" decoding=\"async\" width=\"1024\" height=\"1024\" src=\"https:\/\/thombd.fr\/wp-content\/uploads\/2023\/06\/logo_mounir_kakemono-1024x1024.jpg\" alt=\"\" class=\"wp-image-8938\" srcset=\"https:\/\/thombd.fr\/wp-content\/uploads\/2023\/06\/logo_mounir_kakemono-1024x1024.jpg 1024w, https:\/\/thombd.fr\/wp-content\/uploads\/2023\/06\/logo_mounir_kakemono-300x300.jpg 300w\" sizes=\"auto, (max-width: 1024px) 100vw, 1024px\" \/><\/figure>\n<\/div><\/div>\n\n\n\n<div class=\"wp-block-column is-layout-flow wp-block-column-is-layout-flow\"><div class=\"wp-block-image\">\n<figure class=\"aligncenter size-large\"><img loading=\"lazy\" decoding=\"async\" width=\"1024\" height=\"788\" src=\"https:\/\/thombd.fr\/wp-content\/uploads\/2024\/10\/Logo-maison-1024x788.png\" alt=\"\" class=\"wp-image-9362\" srcset=\"https:\/\/thombd.fr\/wp-content\/uploads\/2024\/10\/Logo-maison-1024x788.png 1024w, https:\/\/thombd.fr\/wp-content\/uploads\/2024\/10\/Logo-maison-300x231.png 300w, https:\/\/thombd.fr\/wp-content\/uploads\/2024\/10\/Logo-maison-768x591.png 768w, https:\/\/thombd.fr\/wp-content\/uploads\/2024\/10\/Logo-maison-1536x1182.png 1536w, https:\/\/thombd.fr\/wp-content\/uploads\/2024\/10\/Logo-maison-416x320.png 416w, https:\/\/thombd.fr\/wp-content\/uploads\/2024\/10\/Logo-maison.png 1775w\" sizes=\"auto, (max-width: 1024px) 100vw, 1024px\" \/><\/figure>\n<\/div><\/div>\n\n\n\n<div class=\"wp-block-column is-layout-flow wp-block-column-is-layout-flow\"><\/div>\n<\/div>\n","protected":false},"excerpt":{"rendered":"<p>Quelques partenaires de travail et clients qui me suivent, m&rsquo;accompagnent, me soutiennent et m&rsquo;aide dans divers projets et m\u00eame dans les id\u00e9es les plus farfelues ou tout simplement me font confiance dans la r\u00e9alisation de leurs projets. Un plaisir de bosser tous ensemble et d&rsquo;\u00eatre \u00e9paul\u00e9 dans toutes ces id\u00e9es qui sont d\u00e9velopp\u00e9es au sein [&hellip;]<\/p>\n","protected":false},"author":1,"featured_media":0,"parent":0,"menu_order":0,"comment_status":"closed","ping_status":"closed","template":"","meta":{"footnotes":""},"class_list":["post-8932","page","type-page","status-publish","hentry"],"jetpack_sharing_enabled":true,"_links":{"self":[{"href":"https:\/\/thombd.fr\/index.php?rest_route=\/wp\/v2\/pages\/8932","targetHints":{"allow":["GET"]}}],"collection":[{"href":"https:\/\/thombd.fr\/index.php?rest_route=\/wp\/v2\/pages"}],"about":[{"href":"https:\/\/thombd.fr\/index.php?rest_route=\/wp\/v2\/types\/page"}],"author":[{"embeddable":true,"href":"https:\/\/thombd.fr\/index.php?rest_route=\/wp\/v2\/users\/1"}],"replies":[{"embeddable":true,"href":"https:\/\/thombd.fr\/index.php?rest_route=%2Fwp%2Fv2%2Fcomments&post=8932"}],"version-history":[{"count":15,"href":"https:\/\/thombd.fr\/index.php?rest_route=\/wp\/v2\/pages\/8932\/revisions"}],"predecessor-version":[{"id":9382,"href":"https:\/\/thombd.fr\/index.php?rest_route=\/wp\/v2\/pages\/8932\/revisions\/9382"}],"wp:attachment":[{"href":"https:\/\/thombd.fr\/index.php?rest_route=%2Fwp%2Fv2%2Fmedia&parent=8932"}],"curies":[{"name":"wp","href":"https:\/\/api.w.org\/{rel}","templated":true}]}}