{"id":6912,"date":"2023-06-19T01:40:14","date_gmt":"2023-06-18T23:40:14","guid":{"rendered":"https:\/\/thombd.fr\/?page_id=6912"},"modified":"2024-10-02T03:29:41","modified_gmt":"2024-10-02T01:29:41","slug":"accueil","status":"publish","type":"page","link":"https:\/\/thombd.fr\/","title":{"rendered":"Accueil"},"content":{"rendered":"\n<p class=\"has-text-align-center has-system-serif-font-family has-normal-font-size\" style=\"font-style:normal;font-weight:400;writing-mode:horizontal-tb\"><em>Artisan num\u00e9rique &amp; consultant pour les entreprises<\/em> <em>et particuliers<\/em><\/p>\n\n\n\n<div style=\"height:30px\" aria-hidden=\"true\" class=\"wp-block-spacer\"><\/div>\n\n\n\n<div class=\"wp-block-columns alignwide is-layout-flex wp-container-core-columns-is-layout-28f84493 wp-block-columns-is-layout-flex\">\n<div class=\"wp-block-column is-layout-flow wp-block-column-is-layout-flow\"><div class=\"wp-block-image is-style-rounded\">\n<figure class=\"aligncenter size-full is-resized has-custom-border\"><img loading=\"lazy\" decoding=\"async\" width=\"400\" height=\"400\" src=\"https:\/\/thombd.fr\/wp-content\/uploads\/2023\/06\/1687130795844-scaled-e1719271864649.jpg\" alt=\"\" class=\"has-border-color has-contrast-2-border-color wp-image-6930\" style=\"border-width:3px;border-radius:50%;box-shadow:var(--wp--preset--shadow--deep);aspect-ratio:1;object-fit:cover;width:250px\"\/><\/figure>\n<\/div>\n\n\n<p class=\"has-text-align-center has-medium-font-size\"><br><strong>3D<\/strong><\/p>\n\n\n\n<p class=\"has-text-align-center has-normal-font-size\">Impression 3D<br>Fraisage num\u00e9rique cnc &amp; laser<br>Elastom\u00e8res et r\u00e9sines<\/p>\n<\/div>\n\n\n\n<div class=\"wp-block-column is-layout-flow wp-block-column-is-layout-flow\"><div class=\"wp-block-image is-style-rounded\">\n<figure class=\"aligncenter size-full is-resized has-custom-border\"><img loading=\"lazy\" decoding=\"async\" width=\"400\" height=\"400\" src=\"https:\/\/thombd.fr\/wp-content\/uploads\/2023\/06\/1687130795740-scaled-e1719271902357.jpg\" alt=\"\" class=\"has-border-color has-contrast-2-border-color wp-image-6933\" style=\"border-width:3px;border-radius:50%;box-shadow:var(--wp--preset--shadow--deep);width:250px\"\/><\/figure>\n<\/div>\n\n\n<p class=\"has-text-align-center has-medium-font-size\"><br><strong>CAO\/DAO<\/strong><\/p>\n\n\n\n<p class=\"has-text-align-center has-normal-font-size\">Dessin industriel<br>conception sur mesure<br>Etude de projets complexes avec ou sans contraintes<\/p>\n<\/div>\n\n\n\n<div class=\"wp-block-column is-layout-flow wp-block-column-is-layout-flow\"><div class=\"wp-block-image is-style-rounded\">\n<figure class=\"aligncenter size-full is-resized has-custom-border\"><img loading=\"lazy\" decoding=\"async\" width=\"400\" height=\"400\" src=\"https:\/\/thombd.fr\/wp-content\/uploads\/2023\/06\/1687130795943-scaled-e1719272410753.jpg\" alt=\"\" class=\"has-border-color has-contrast-2-border-color wp-image-6934\" style=\"border-width:3px;border-radius:50%;box-shadow:var(--wp--preset--shadow--deep);width:250px\"\/><\/figure>\n<\/div>\n\n\n<p class=\"has-text-align-center has-medium-font-size\"><br><strong>Informatique<\/strong><\/p>\n\n\n\n<p class=\"has-text-align-center has-normal-font-size\">D\u00e9pannage Informatique de tout type<br>Montage sur mesure<br>Entretient de parcs<br>Conseils pour vos achats<\/p>\n<\/div>\n\n\n\n<div class=\"wp-block-column is-layout-flow wp-block-column-is-layout-flow\"><div class=\"wp-block-image is-style-rounded\">\n<figure class=\"aligncenter size-full is-resized has-custom-border\"><img loading=\"lazy\" decoding=\"async\" width=\"400\" height=\"400\" src=\"https:\/\/thombd.fr\/wp-content\/uploads\/2023\/06\/1687130796156-scaled-e1719272506857.jpg\" alt=\"\" class=\"has-border-color has-contrast-2-border-color wp-image-6936\" style=\"border-width:3px;border-radius:50%;box-shadow:var(--wp--preset--shadow--deep);aspect-ratio:1;object-fit:cover;width:250px\"\/><\/figure>\n<\/div>\n\n\n<p class=\"has-text-align-center has-medium-font-size\"><br><strong>Personnalisation<\/strong><\/p>\n\n\n\n<p class=\"has-text-align-center has-normal-font-size\">Stickers<br>D\u00e9co v\u00e9hicules<br>V\u00eatements et textiles<br>Mugs et accessoires<\/p>\n<\/div>\n<\/div>\n\n\n\n<hr class=\"wp-block-separator has-alpha-channel-opacity\"\/>\n\n\n\n<div style=\"height:45px\" aria-hidden=\"true\" class=\"wp-block-spacer\"><\/div>\n\n\n\n<div class=\"wp-block-columns alignwide is-layout-flex wp-container-core-columns-is-layout-28f84493 wp-block-columns-is-layout-flex\">\n<div class=\"wp-block-column is-layout-flow wp-container-core-column-is-layout-f016c79b wp-block-column-is-layout-flow\" style=\"padding-top:0;padding-right:0;padding-bottom:0;padding-left:0;flex-basis:70%\">\n<p class=\"has-text-align-left has-normal-font-size\" style=\"padding-right:var(--wp--preset--spacing--30);padding-left:var(--wp--preset--spacing--30)\"><br>Avec quelques dipl\u00f4mes et mes ann\u00e9es d&rsquo;exp\u00e9riences dans les domaines de l&rsquo;informatique, le dessin industriel, l&rsquo;artisanat et le commerce, je vous propose via cette entreprise un mix de mes comp\u00e9tences pour vous aider \u00e0 mener \u00e0 bien des projets que vous avez, ou concevoir pour vous \u00e0 100%, ou m\u00eame dans le cadre d&rsquo;un partage de connaissances. que vous soyez un particulier qui \u00e0 besoin d&rsquo;un coup de main ou une entreprise qui \u00e0 besoin d&rsquo;un freelance pour un renfort ponctuel, je suis ouvert \u00e0 toute demande et apr\u00e8s une discussion je pourrais vous dire jusqu&rsquo;o\u00f9 je peux vous accompagner.<br><\/p>\n\n\n\n<p class=\"has-text-align-right has-normal-font-size\">Je dispense aussi des cours d&rsquo;informatique en groupe et particuliers.<\/p>\n\n\n\n<p><br><\/p>\n\n\n\n<div class=\"wp-block-buttons is-content-justification-center is-layout-flex wp-container-core-buttons-is-layout-a89b3969 wp-block-buttons-is-layout-flex\">\n<div class=\"wp-block-button has-custom-width wp-block-button__width-50\"><a class=\"wp-block-button__link has-luminous-dusk-gradient-background has-background has-text-align-center wp-element-button\" href=\"https:\/\/www.instagram.com\/thom_bd_\/\" style=\"border-radius:5px\" target=\"_blank\" rel=\"noreferrer noopener\">Quelques exemples sur Instagram<\/a><\/div>\n\n\n\n<div class=\"wp-block-button has-custom-width wp-block-button__width-50 is-style-fill\"><a class=\"wp-block-button__link has-light-green-cyan-to-vivid-green-cyan-gradient-background has-background has-text-align-center wp-element-button\" href=\"https:\/\/thombd.fr\/?page_id=6919\" style=\"border-radius:5px;padding-right:0;padding-left:0\">Me contacter simplement<\/a><\/div>\n<\/div>\n<\/div>\n\n\n\n<div class=\"wp-block-column is-layout-flow wp-block-column-is-layout-flow\" style=\"flex-basis:30%\">\n<div class=\"wp-block-jetpack-slideshow aligncenter is-style-rectangular\" data-autoplay=\"true\" data-delay=\"3\" data-effect=\"fade\"><div class=\"wp-block-jetpack-slideshow_container swiper-container\"><ul class=\"wp-block-jetpack-slideshow_swiper-wrapper swiper-wrapper\"><li class=\"wp-block-jetpack-slideshow_slide swiper-slide\"><figure><img loading=\"lazy\" decoding=\"async\" width=\"225\" height=\"300\" alt=\"\" class=\"wp-block-jetpack-slideshow_image wp-image-9302\" data-id=\"9302\" src=\"https:\/\/thombd.fr\/wp-content\/uploads\/2024\/06\/1719265094441-225x300.jpg\"\/><\/figure><\/li><li class=\"wp-block-jetpack-slideshow_slide swiper-slide\"><figure><img loading=\"lazy\" decoding=\"async\" width=\"300\" height=\"225\" alt=\"\" class=\"wp-block-jetpack-slideshow_image wp-image-9303\" data-id=\"9303\" src=\"https:\/\/thombd.fr\/wp-content\/uploads\/2024\/06\/1719265094608-300x225.jpg\"\/><\/figure><\/li><li class=\"wp-block-jetpack-slideshow_slide swiper-slide\"><figure><img loading=\"lazy\" decoding=\"async\" width=\"300\" height=\"300\" alt=\"\" class=\"wp-block-jetpack-slideshow_image wp-image-7257\" data-id=\"7257\" src=\"https:\/\/thombd.fr\/wp-content\/uploads\/2023\/06\/IMG_20230525_135539_964-300x300.webp\"\/><\/figure><\/li><li class=\"wp-block-jetpack-slideshow_slide swiper-slide\"><figure><img loading=\"lazy\" decoding=\"async\" width=\"249\" height=\"300\" alt=\"\" class=\"wp-block-jetpack-slideshow_image wp-image-7233\" data-id=\"7233\" src=\"https:\/\/thombd.fr\/wp-content\/uploads\/2023\/06\/IMG_20220830_104147_303-249x300.jpg\"\/><\/figure><\/li><li class=\"wp-block-jetpack-slideshow_slide swiper-slide\"><figure><img loading=\"lazy\" decoding=\"async\" width=\"300\" height=\"225\" alt=\"\" class=\"wp-block-jetpack-slideshow_image wp-image-7224\" data-id=\"7224\" src=\"https:\/\/thombd.fr\/wp-content\/uploads\/2023\/06\/IMG_20220830_013502_064-300x225.jpg\"\/><\/figure><\/li><li class=\"wp-block-jetpack-slideshow_slide swiper-slide\"><figure><img loading=\"lazy\" decoding=\"async\" width=\"300\" height=\"300\" alt=\"\" class=\"wp-block-jetpack-slideshow_image wp-image-7179\" data-id=\"7179\" src=\"https:\/\/thombd.fr\/wp-content\/uploads\/2023\/06\/IMG_20211001_222713_082-300x300.jpg\"\/><\/figure><\/li><li class=\"wp-block-jetpack-slideshow_slide swiper-slide\"><figure><img loading=\"lazy\" decoding=\"async\" width=\"300\" height=\"300\" alt=\"\" class=\"wp-block-jetpack-slideshow_image wp-image-7133\" data-id=\"7133\" src=\"https:\/\/thombd.fr\/wp-content\/uploads\/2023\/06\/IMG_20210618_224843_593-300x300.jpg\"\/><\/figure><\/li><li class=\"wp-block-jetpack-slideshow_slide swiper-slide\"><figure><img loading=\"lazy\" decoding=\"async\" width=\"252\" height=\"300\" alt=\"\" class=\"wp-block-jetpack-slideshow_image wp-image-7150\" data-id=\"7150\" src=\"https:\/\/thombd.fr\/wp-content\/uploads\/2023\/06\/IMG_20210716_030259_384-252x300.jpg\"\/><\/figure><\/li><li class=\"wp-block-jetpack-slideshow_slide swiper-slide\"><figure><img loading=\"lazy\" decoding=\"async\" width=\"300\" height=\"189\" alt=\"\" class=\"wp-block-jetpack-slideshow_image wp-image-7201\" data-id=\"7201\" src=\"https:\/\/thombd.fr\/wp-content\/uploads\/2023\/06\/IMG_20220618_001820_989-300x189.jpg\"\/><\/figure><\/li><li class=\"wp-block-jetpack-slideshow_slide swiper-slide\"><figure><img loading=\"lazy\" decoding=\"async\" width=\"300\" height=\"206\" alt=\"\" class=\"wp-block-jetpack-slideshow_image wp-image-7109\" data-id=\"7109\" src=\"https:\/\/thombd.fr\/wp-content\/uploads\/2023\/06\/IMG_20210612_143506_627-300x206.jpg\"\/><\/figure><\/li><li class=\"wp-block-jetpack-slideshow_slide swiper-slide\"><figure><img loading=\"lazy\" decoding=\"async\" width=\"300\" height=\"300\" alt=\"\" class=\"wp-block-jetpack-slideshow_image wp-image-7184\" data-id=\"7184\" src=\"https:\/\/thombd.fr\/wp-content\/uploads\/2023\/06\/IMG_20220213_033159_598-300x300.jpg\"\/><\/figure><\/li><li class=\"wp-block-jetpack-slideshow_slide swiper-slide\"><figure><img loading=\"lazy\" decoding=\"async\" width=\"300\" height=\"300\" alt=\"\" class=\"wp-block-jetpack-slideshow_image wp-image-7078\" data-id=\"7078\" src=\"https:\/\/thombd.fr\/wp-content\/uploads\/2023\/06\/IMG_20210612_142153_737-300x300.jpg\" srcset=\"https:\/\/thombd.fr\/wp-content\/uploads\/2023\/06\/IMG_20210612_142153_737-300x300.jpg 300w, https:\/\/thombd.fr\/wp-content\/uploads\/2023\/06\/IMG_20210612_142153_737-150x150.jpg 150w, https:\/\/thombd.fr\/wp-content\/uploads\/2023\/06\/IMG_20210612_142153_737-324x324.jpg 324w, https:\/\/thombd.fr\/wp-content\/uploads\/2023\/06\/IMG_20210612_142153_737-416x416.jpg 416w, https:\/\/thombd.fr\/wp-content\/uploads\/2023\/06\/IMG_20210612_142153_737-100x100.jpg 100w, https:\/\/thombd.fr\/wp-content\/uploads\/2023\/06\/IMG_20210612_142153_737.jpg 743w\" sizes=\"(max-width: 300px) 100vw, 300px\" \/><\/figure><\/li><li class=\"wp-block-jetpack-slideshow_slide swiper-slide\"><figure><img loading=\"lazy\" decoding=\"async\" width=\"300\" height=\"300\" alt=\"\" class=\"wp-block-jetpack-slideshow_image wp-image-7096\" data-id=\"7096\" src=\"https:\/\/thombd.fr\/wp-content\/uploads\/2023\/06\/IMG_20210612_142626_115-300x300.jpg\"\/><\/figure><\/li><li class=\"wp-block-jetpack-slideshow_slide swiper-slide\"><figure><img loading=\"lazy\" decoding=\"async\" width=\"240\" height=\"300\" alt=\"\" class=\"wp-block-jetpack-slideshow_image wp-image-7092\" data-id=\"7092\" src=\"https:\/\/thombd.fr\/wp-content\/uploads\/2023\/06\/IMG_20210612_142542_105-240x300.jpg\" srcset=\"https:\/\/thombd.fr\/wp-content\/uploads\/2023\/06\/IMG_20210612_142542_105-240x300.jpg 240w, https:\/\/thombd.fr\/wp-content\/uploads\/2023\/06\/IMG_20210612_142542_105-416x520.jpg 416w, https:\/\/thombd.fr\/wp-content\/uploads\/2023\/06\/IMG_20210612_142542_105.jpg 615w\" sizes=\"(max-width: 240px) 100vw, 240px\" \/><\/figure><\/li><li class=\"wp-block-jetpack-slideshow_slide swiper-slide\"><figure><img loading=\"lazy\" decoding=\"async\" width=\"300\" height=\"300\" alt=\"\" class=\"wp-block-jetpack-slideshow_image wp-image-7086\" data-id=\"7086\" src=\"https:\/\/thombd.fr\/wp-content\/uploads\/2023\/06\/IMG_20210612_142331_432-300x300.jpg\"\/><\/figure><\/li><li class=\"wp-block-jetpack-slideshow_slide swiper-slide\"><figure><img loading=\"lazy\" decoding=\"async\" width=\"300\" height=\"300\" alt=\"\" class=\"wp-block-jetpack-slideshow_image wp-image-7080\" data-id=\"7080\" src=\"https:\/\/thombd.fr\/wp-content\/uploads\/2023\/06\/IMG_20210612_142228_034-300x300.jpg\"\/><\/figure><\/li><li class=\"wp-block-jetpack-slideshow_slide swiper-slide\"><figure><img loading=\"lazy\" decoding=\"async\" width=\"300\" height=\"300\" alt=\"\" class=\"wp-block-jetpack-slideshow_image wp-image-7052\" data-id=\"7052\" src=\"https:\/\/thombd.fr\/wp-content\/uploads\/2023\/06\/IMG_20210612_141058_014-300x300.jpg\"\/><\/figure><\/li><li class=\"wp-block-jetpack-slideshow_slide swiper-slide\"><figure><img loading=\"lazy\" decoding=\"async\" width=\"300\" height=\"300\" alt=\"\" class=\"wp-block-jetpack-slideshow_image wp-image-7010\" data-id=\"7010\" src=\"https:\/\/thombd.fr\/wp-content\/uploads\/2023\/06\/IMG_20180508_133912_233-300x300.jpg\"\/><\/figure><\/li><li class=\"wp-block-jetpack-slideshow_slide swiper-slide\"><figure><img loading=\"lazy\" decoding=\"async\" width=\"300\" height=\"257\" alt=\"\" class=\"wp-block-jetpack-slideshow_image wp-image-7186\" data-id=\"7186\" src=\"https:\/\/thombd.fr\/wp-content\/uploads\/2023\/06\/IMG_20220213_033310_604-300x257.jpg\"\/><\/figure><\/li><li class=\"wp-block-jetpack-slideshow_slide swiper-slide\"><figure><img loading=\"lazy\" decoding=\"async\" width=\"300\" height=\"300\" alt=\"\" class=\"wp-block-jetpack-slideshow_image wp-image-6997\" data-id=\"6997\" src=\"https:\/\/thombd.fr\/wp-content\/uploads\/2023\/06\/IMG_20180315_105824_967-300x300.jpg\"\/><\/figure><\/li><li class=\"wp-block-jetpack-slideshow_slide swiper-slide\"><figure><img loading=\"lazy\" decoding=\"async\" width=\"240\" height=\"300\" alt=\"\" class=\"wp-block-jetpack-slideshow_image wp-image-7105\" data-id=\"7105\" src=\"https:\/\/thombd.fr\/wp-content\/uploads\/2023\/06\/IMG_20210612_143341_941-240x300.jpg\" srcset=\"https:\/\/thombd.fr\/wp-content\/uploads\/2023\/06\/IMG_20210612_143341_941-240x300.jpg 240w, https:\/\/thombd.fr\/wp-content\/uploads\/2023\/06\/IMG_20210612_143341_941-819x1024.jpg 819w, https:\/\/thombd.fr\/wp-content\/uploads\/2023\/06\/IMG_20210612_143341_941-768x960.jpg 768w, https:\/\/thombd.fr\/wp-content\/uploads\/2023\/06\/IMG_20210612_143341_941-416x520.jpg 416w, https:\/\/thombd.fr\/wp-content\/uploads\/2023\/06\/IMG_20210612_143341_941.jpg 1080w\" sizes=\"(max-width: 240px) 100vw, 240px\" \/><\/figure><\/li><li class=\"wp-block-jetpack-slideshow_slide swiper-slide\"><figure><img loading=\"lazy\" decoding=\"async\" width=\"300\" height=\"235\" alt=\"\" class=\"wp-block-jetpack-slideshow_image wp-image-7173\" data-id=\"7173\" src=\"https:\/\/thombd.fr\/wp-content\/uploads\/2023\/06\/IMG_20210912_015241_923-300x235.jpg\" srcset=\"https:\/\/thombd.fr\/wp-content\/uploads\/2023\/06\/IMG_20210912_015241_923-300x235.jpg 300w, https:\/\/thombd.fr\/wp-content\/uploads\/2023\/06\/IMG_20210912_015241_923-416x326.jpg 416w, https:\/\/thombd.fr\/wp-content\/uploads\/2023\/06\/IMG_20210912_015241_923.jpg 574w\" sizes=\"(max-width: 300px) 100vw, 300px\" \/><\/figure><\/li><li class=\"wp-block-jetpack-slideshow_slide swiper-slide\"><figure><img loading=\"lazy\" decoding=\"async\" width=\"240\" height=\"300\" alt=\"\" class=\"wp-block-jetpack-slideshow_image wp-image-7163\" data-id=\"7163\" src=\"https:\/\/thombd.fr\/wp-content\/uploads\/2023\/06\/IMG_20210912_014820_964-240x300.jpg\" srcset=\"https:\/\/thombd.fr\/wp-content\/uploads\/2023\/06\/IMG_20210912_014820_964-240x300.jpg 240w, https:\/\/thombd.fr\/wp-content\/uploads\/2023\/06\/IMG_20210912_014820_964-416x520.jpg 416w, https:\/\/thombd.fr\/wp-content\/uploads\/2023\/06\/IMG_20210912_014820_964.jpg 768w\" sizes=\"(max-width: 240px) 100vw, 240px\" \/><\/figure><\/li><li class=\"wp-block-jetpack-slideshow_slide swiper-slide\"><figure><img loading=\"lazy\" decoding=\"async\" width=\"300\" height=\"201\" alt=\"\" class=\"wp-block-jetpack-slideshow_image wp-image-7195\" data-id=\"7195\" src=\"https:\/\/thombd.fr\/wp-content\/uploads\/2023\/06\/IMG_20220507_233910_432-300x201.jpg\"\/><\/figure><\/li><li class=\"wp-block-jetpack-slideshow_slide swiper-slide\"><figure><img loading=\"lazy\" decoding=\"async\" width=\"300\" height=\"145\" alt=\"\" class=\"wp-block-jetpack-slideshow_image wp-image-9050\" data-id=\"9050\" src=\"https:\/\/thombd.fr\/wp-content\/uploads\/2023\/07\/Refabrication-Autre-cote-Lite-e1689472714428-300x145.png\" srcset=\"https:\/\/thombd.fr\/wp-content\/uploads\/2023\/07\/Refabrication-Autre-cote-Lite-e1689472714428-300x145.png 300w, https:\/\/thombd.fr\/wp-content\/uploads\/2023\/07\/Refabrication-Autre-cote-Lite-e1689472714428-416x201.png 416w, https:\/\/thombd.fr\/wp-content\/uploads\/2023\/07\/Refabrication-Autre-cote-Lite-e1689472714428.png 500w\" sizes=\"(max-width: 300px) 100vw, 300px\" \/><\/figure><\/li><li class=\"wp-block-jetpack-slideshow_slide swiper-slide\"><figure><img loading=\"lazy\" decoding=\"async\" width=\"300\" height=\"225\" alt=\"\" class=\"wp-block-jetpack-slideshow_image wp-image-7229\" data-id=\"7229\" src=\"https:\/\/thombd.fr\/wp-content\/uploads\/2023\/06\/IMG_20220830_015007_324-300x225.jpg\" srcset=\"https:\/\/thombd.fr\/wp-content\/uploads\/2023\/06\/IMG_20220830_015007_324-300x225.jpg 300w, https:\/\/thombd.fr\/wp-content\/uploads\/2023\/06\/IMG_20220830_015007_324-416x312.jpg 416w, https:\/\/thombd.fr\/wp-content\/uploads\/2023\/06\/IMG_20220830_015007_324.jpg 480w\" sizes=\"(max-width: 300px) 100vw, 300px\" \/><\/figure><\/li><li class=\"wp-block-jetpack-slideshow_slide swiper-slide\"><figure><img loading=\"lazy\" decoding=\"async\" width=\"240\" height=\"300\" alt=\"\" class=\"wp-block-jetpack-slideshow_image wp-image-7222\" data-id=\"7222\" src=\"https:\/\/thombd.fr\/wp-content\/uploads\/2023\/06\/IMG_20220721_013135_579-240x300.jpg\"\/><\/figure><\/li><\/ul><a class=\"wp-block-jetpack-slideshow_button-prev swiper-button-prev swiper-button-white\" role=\"button\"><\/a><a class=\"wp-block-jetpack-slideshow_button-next swiper-button-next swiper-button-white\" role=\"button\"><\/a><a aria-label=\"Pause Slideshow\" class=\"wp-block-jetpack-slideshow_button-pause\" role=\"button\"><\/a><div class=\"wp-block-jetpack-slideshow_pagination swiper-pagination swiper-pagination-white\"><\/div><\/div><\/div>\n<\/div>\n<\/div>\n\n\n\n<hr class=\"wp-block-separator has-alpha-channel-opacity\"\/>\n\n\n\n<div style=\"height:45px\" aria-hidden=\"true\" class=\"wp-block-spacer\"><\/div>\n\n\n\n<div class=\"wp-block-columns alignwide is-layout-flex wp-container-core-columns-is-layout-28f84493 wp-block-columns-is-layout-flex\">\n<div class=\"wp-block-column is-layout-flow wp-block-column-is-layout-flow\" style=\"flex-basis:25%\"><div class=\"wp-block-image\">\n<figure class=\"aligncenter size-large\"><img loading=\"lazy\" decoding=\"async\" width=\"1024\" height=\"595\" src=\"https:\/\/thombd.fr\/wp-content\/uploads\/2023\/06\/Logo-avec-texte-v2-1-1024x595.png\" alt=\"\" class=\"wp-image-7270\"\/><\/figure>\n<\/div><\/div>\n\n\n\n<div class=\"wp-block-column is-vertically-aligned-center is-layout-flow wp-block-column-is-layout-flow\" style=\"flex-basis:50%\">\n<p class=\"has-text-align-center has-normal-font-size\">Je suis \u00e9galement le cr\u00e9ateur et propri\u00e9taire de la marque Likha. une partie de mon entreprise qui se consacre \u00e0 100% au textile, accessoires et stickers pour les particuliers ou des s\u00e9ries enti\u00e8res pour les pros !<\/p>\n\n\n\n<div class=\"wp-block-buttons is-content-justification-center is-layout-flex wp-container-core-buttons-is-layout-a89b3969 wp-block-buttons-is-layout-flex\"><\/div>\n<\/div>\n\n\n\n<div class=\"wp-block-column is-layout-flow wp-block-column-is-layout-flow\" style=\"flex-basis:25%\"><div class=\"wp-block-image\">\n<figure class=\"aligncenter size-large\"><img loading=\"lazy\" decoding=\"async\" width=\"1024\" height=\"1024\" src=\"https:\/\/thombd.fr\/wp-content\/uploads\/2023\/06\/back-to-the-jeepney-H-1024x1024.png\" alt=\"\" class=\"wp-image-7993\"\/><\/figure>\n<\/div><\/div>\n<\/div>\n\n\n\n<div style=\"height:100px\" aria-hidden=\"true\" class=\"wp-block-spacer\"><\/div>\n\n\n\n<hr class=\"wp-block-separator alignwide has-alpha-channel-opacity is-style-wide\"\/>\n","protected":false},"excerpt":{"rendered":"<p>Artisan num\u00e9rique &amp; consultant pour les entreprises et particuliers 3D Impression 3DFraisage num\u00e9rique cnc &amp; laserElastom\u00e8res et r\u00e9sines CAO\/DAO Dessin industrielconception sur mesureEtude de projets complexes avec ou sans contraintes Informatique D\u00e9pannage Informatique de tout typeMontage sur mesureEntretient de parcsConseils pour vos achats Personnalisation StickersD\u00e9co v\u00e9hiculesV\u00eatements et textilesMugs et accessoires Avec quelques dipl\u00f4mes et mes [&hellip;]<\/p>\n","protected":false},"author":1,"featured_media":0,"parent":0,"menu_order":0,"comment_status":"closed","ping_status":"closed","template":"template-fullwidth.php","meta":{"footnotes":""},"class_list":["post-6912","page","type-page","status-publish","hentry"],"jetpack_sharing_enabled":true,"_links":{"self":[{"href":"https:\/\/thombd.fr\/index.php?rest_route=\/wp\/v2\/pages\/6912","targetHints":{"allow":["GET"]}}],"collection":[{"href":"https:\/\/thombd.fr\/index.php?rest_route=\/wp\/v2\/pages"}],"about":[{"href":"https:\/\/thombd.fr\/index.php?rest_route=\/wp\/v2\/types\/page"}],"author":[{"embeddable":true,"href":"https:\/\/thombd.fr\/index.php?rest_route=\/wp\/v2\/users\/1"}],"replies":[{"embeddable":true,"href":"https:\/\/thombd.fr\/index.php?rest_route=%2Fwp%2Fv2%2Fcomments&post=6912"}],"version-history":[{"count":49,"href":"https:\/\/thombd.fr\/index.php?rest_route=\/wp\/v2\/pages\/6912\/revisions"}],"predecessor-version":[{"id":9339,"href":"https:\/\/thombd.fr\/index.php?rest_route=\/wp\/v2\/pages\/6912\/revisions\/9339"}],"wp:attachment":[{"href":"https:\/\/thombd.fr\/index.php?rest_route=%2Fwp%2Fv2%2Fmedia&parent=6912"}],"curies":[{"name":"wp","href":"https:\/\/api.w.org\/{rel}","templated":true}]}}